{"id":1345,"date":"2023-06-14T07:57:06","date_gmt":"2023-06-14T06:57:06","guid":{"rendered":"http:\/\/s1web0044.peakserver.net\/?page_id=1345"},"modified":"2024-09-10T10:10:53","modified_gmt":"2024-09-10T09:10:53","slug":"support-foire-aux-questions","status":"publish","type":"page","link":"https:\/\/bagjump.com\/fr\/support-foire-aux-questions\/","title":{"rendered":"Support"},"content":{"rendered":"","protected":false},"excerpt":{"rendered":"","protected":false},"author":7,"featured_media":0,"parent":0,"menu_order":0,"comment_status":"closed","ping_status":"closed","template":"page-templates\/main-template.php","meta":{"content-type":"","footnotes":""},"class_list":["post-1345","page","type-page","status-publish","hentry"],"acf":[],"yoast_head":"<!-- This site is optimized with the Yoast SEO plugin v27.3 - https:\/\/yoast.com\/product\/yoast-seo-wordpress\/ -->\n<title>Support - BAGJUMP\u00ae Airbags<\/title>\n<meta name=\"description\" content=\"Explore complete BAGJUMP Airbag support at bagjump.com. Expert help and FAQs for a seamless experience. Elevate your skills with BAGJUMP!\" \/>\n<meta name=\"robots\" content=\"index, follow, max-snippet:-1, max-image-preview:large, max-video-preview:-1\" \/>\n<link rel=\"canonical\" href=\"https:\/\/bagjump.com\/fr\/support-foire-aux-questions\/\" \/>\n<meta property=\"og:locale\" content=\"fr_FR\" \/>\n<meta property=\"og:type\" content=\"article\" \/>\n<meta property=\"og:title\" content=\"Support - BAGJUMP Airbags\" \/>\n<meta property=\"og:description\" content=\"Explore complete BAGJUMP Airbag support at bagjump.com. Expert help and FAQs for a seamless experience. Elevate your skills with BAGJUMP!\" \/>\n<meta property=\"og:url\" content=\"https:\/\/bagjump.com\/fr\/support-foire-aux-questions\/\" \/>\n<meta property=\"og:site_name\" content=\"BAGJUMP\u00ae Airbags\" \/>\n<meta property=\"article:publisher\" content=\"https:\/\/www.facebook.com\/BAGJUMP\" \/>\n<meta property=\"article:modified_time\" content=\"2024-09-10T09:10:53+00:00\" \/>\n<meta property=\"og:image\" content=\"http:\/\/bagjump.com\/wp-content\/uploads\/2023\/08\/DSCF1721-scaled.jpg\" \/>\n\t<meta property=\"og:image:width\" content=\"2560\" \/>\n\t<meta property=\"og:image:height\" content=\"1707\" \/>\n\t<meta property=\"og:image:type\" content=\"image\/jpeg\" \/>\n<meta name=\"twitter:card\" content=\"summary_large_image\" \/>\n<meta name=\"twitter:title\" content=\"Support - BAGJUMP Airbags\" \/>\n<meta name=\"twitter:description\" content=\"Explore complete BAGJUMP Airbag support at bagjump.com. Expert help and FAQs for a seamless experience. Elevate your skills with BAGJUMP!\" \/>\n<meta name=\"twitter:image\" content=\"https:\/\/bagjump.com\/wp-content\/uploads\/2023\/08\/DSCF1721-scaled.jpg\" \/>\n<meta name=\"twitter:site\" content=\"@BAGJUMP\" \/>\n<script type=\"application\/ld+json\" class=\"yoast-schema-graph\">{\"@context\":\"https:\\\/\\\/schema.org\",\"@graph\":[{\"@type\":\"WebPage\",\"@id\":\"https:\\\/\\\/bagjump.com\\\/support-how-can-we-help\\\/\",\"url\":\"https:\\\/\\\/bagjump.com\\\/support-how-can-we-help\\\/\",\"name\":\"Support - BAGJUMP\u00ae Airbags\",\"isPartOf\":{\"@id\":\"https:\\\/\\\/bagjump.com\\\/#website\"},\"datePublished\":\"2023-06-14T06:57:06+00:00\",\"dateModified\":\"2024-09-10T09:10:53+00:00\",\"description\":\"Explore complete BAGJUMP Airbag support at bagjump.com. Expert help and FAQs for a seamless experience. Elevate your skills with BAGJUMP!\",\"breadcrumb\":{\"@id\":\"https:\\\/\\\/bagjump.com\\\/support-how-can-we-help\\\/#breadcrumb\"},\"inLanguage\":\"fr-FR\",\"potentialAction\":[{\"@type\":\"ReadAction\",\"target\":[\"https:\\\/\\\/bagjump.com\\\/support-how-can-we-help\\\/\"]}]},{\"@type\":\"BreadcrumbList\",\"@id\":\"https:\\\/\\\/bagjump.com\\\/support-how-can-we-help\\\/#breadcrumb\",\"itemListElement\":[{\"@type\":\"ListItem\",\"position\":1,\"name\":\"Home\",\"item\":\"https:\\\/\\\/bagjump.com\\\/\"},{\"@type\":\"ListItem\",\"position\":2,\"name\":\"Support\"}]},{\"@type\":\"WebSite\",\"@id\":\"https:\\\/\\\/bagjump.com\\\/#website\",\"url\":\"https:\\\/\\\/bagjump.com\\\/\",\"name\":\"BAGJUMP\u00ae Airbags\",\"description\":\"\",\"publisher\":{\"@id\":\"https:\\\/\\\/bagjump.com\\\/#organization\"},\"potentialAction\":[{\"@type\":\"SearchAction\",\"target\":{\"@type\":\"EntryPoint\",\"urlTemplate\":\"https:\\\/\\\/bagjump.com\\\/?s={search_term_string}\"},\"query-input\":{\"@type\":\"PropertyValueSpecification\",\"valueRequired\":true,\"valueName\":\"search_term_string\"}}],\"inLanguage\":\"fr-FR\"},{\"@type\":\"Organization\",\"@id\":\"https:\\\/\\\/bagjump.com\\\/#organization\",\"name\":\"BAGJUMP\u00ae Airbags\",\"url\":\"https:\\\/\\\/bagjump.com\\\/\",\"logo\":{\"@type\":\"ImageObject\",\"inLanguage\":\"fr-FR\",\"@id\":\"https:\\\/\\\/bagjump.com\\\/#\\\/schema\\\/logo\\\/image\\\/\",\"url\":\"https:\\\/\\\/bagjump.com\\\/wp-content\\\/uploads\\\/2023\\\/09\\\/cropped-bj-favicon.png\",\"contentUrl\":\"https:\\\/\\\/bagjump.com\\\/wp-content\\\/uploads\\\/2023\\\/09\\\/cropped-bj-favicon.png\",\"width\":512,\"height\":512,\"caption\":\"BAGJUMP\u00ae Airbags\"},\"image\":{\"@id\":\"https:\\\/\\\/bagjump.com\\\/#\\\/schema\\\/logo\\\/image\\\/\"},\"sameAs\":[\"https:\\\/\\\/www.facebook.com\\\/BAGJUMP\",\"https:\\\/\\\/x.com\\\/BAGJUMP\",\"https:\\\/\\\/www.instagram.com\\\/bagjump\\\/\"]}]}<\/script>\n<!-- \/ Yoast SEO plugin. -->","yoast_head_json":{"title":"Support - Airbags BAGJUMP\u00ae","description":"D\u00e9couvrez le support complet des Airbags BAGJUMP sur bagjump.com. Aide d'experts et FAQ pour une exp\u00e9rience sans faille. Am\u00e9liorez vos comp\u00e9tences avec BAGJUMP !","robots":{"index":"index","follow":"follow","max-snippet":"max-snippet:-1","max-image-preview":"max-image-preview:large","max-video-preview":"max-video-preview:-1"},"canonical":"https:\/\/bagjump.com\/fr\/support-foire-aux-questions\/","og_locale":"fr_FR","og_type":"article","og_title":"Support - BAGJUMP Airbags","og_description":"Explore complete BAGJUMP Airbag support at bagjump.com. Expert help and FAQs for a seamless experience. Elevate your skills with BAGJUMP!","og_url":"https:\/\/bagjump.com\/fr\/support-foire-aux-questions\/","og_site_name":"BAGJUMP\u00ae Airbags","article_publisher":"https:\/\/www.facebook.com\/BAGJUMP","article_modified_time":"2024-09-10T09:10:53+00:00","og_image":[{"width":2560,"height":1707,"url":"http:\/\/bagjump.com\/wp-content\/uploads\/2023\/08\/DSCF1721-scaled.jpg","type":"image\/jpeg"}],"twitter_card":"summary_large_image","twitter_title":"Support - BAGJUMP Airbags","twitter_description":"Explore complete BAGJUMP Airbag support at bagjump.com. Expert help and FAQs for a seamless experience. Elevate your skills with BAGJUMP!","twitter_image":"https:\/\/bagjump.com\/wp-content\/uploads\/2023\/08\/DSCF1721-scaled.jpg","twitter_site":"@BAGJUMP","schema":{"@context":"https:\/\/schema.org","@graph":[{"@type":"WebPage","@id":"https:\/\/bagjump.com\/support-how-can-we-help\/","url":"https:\/\/bagjump.com\/support-how-can-we-help\/","name":"Support - Airbags BAGJUMP\u00ae","isPartOf":{"@id":"https:\/\/bagjump.com\/#website"},"datePublished":"2023-06-14T06:57:06+00:00","dateModified":"2024-09-10T09:10:53+00:00","description":"D\u00e9couvrez le support complet des Airbags BAGJUMP sur bagjump.com. Aide d'experts et FAQ pour une exp\u00e9rience sans faille. Am\u00e9liorez vos comp\u00e9tences avec BAGJUMP !","breadcrumb":{"@id":"https:\/\/bagjump.com\/support-how-can-we-help\/#breadcrumb"},"inLanguage":"fr-FR","potentialAction":[{"@type":"ReadAction","target":["https:\/\/bagjump.com\/support-how-can-we-help\/"]}]},{"@type":"BreadcrumbList","@id":"https:\/\/bagjump.com\/support-how-can-we-help\/#breadcrumb","itemListElement":[{"@type":"ListItem","position":1,"name":"Home","item":"https:\/\/bagjump.com\/"},{"@type":"ListItem","position":2,"name":"Support"}]},{"@type":"WebSite","@id":"https:\/\/bagjump.com\/#website","url":"https:\/\/bagjump.com\/","name":"Airbags BAGJUMP","description":"","publisher":{"@id":"https:\/\/bagjump.com\/#organization"},"potentialAction":[{"@type":"SearchAction","target":{"@type":"EntryPoint","urlTemplate":"https:\/\/bagjump.com\/?s={search_term_string}"},"query-input":{"@type":"PropertyValueSpecification","valueRequired":true,"valueName":"search_term_string"}}],"inLanguage":"fr-FR"},{"@type":"Organization","@id":"https:\/\/bagjump.com\/#organization","name":"Airbags BAGJUMP","url":"https:\/\/bagjump.com\/","logo":{"@type":"ImageObject","inLanguage":"fr-FR","@id":"https:\/\/bagjump.com\/#\/schema\/logo\/image\/","url":"https:\/\/bagjump.com\/wp-content\/uploads\/2023\/09\/cropped-bj-favicon.png","contentUrl":"https:\/\/bagjump.com\/wp-content\/uploads\/2023\/09\/cropped-bj-favicon.png","width":512,"height":512,"caption":"BAGJUMP\u00ae Airbags"},"image":{"@id":"https:\/\/bagjump.com\/#\/schema\/logo\/image\/"},"sameAs":["https:\/\/www.facebook.com\/BAGJUMP","https:\/\/x.com\/BAGJUMP","https:\/\/www.instagram.com\/bagjump\/"]}]}},"_links":{"self":[{"href":"https:\/\/bagjump.com\/fr\/wp-json\/wp\/v2\/pages\/1345","targetHints":{"allow":["GET"]}}],"collection":[{"href":"https:\/\/bagjump.com\/fr\/wp-json\/wp\/v2\/pages"}],"about":[{"href":"https:\/\/bagjump.com\/fr\/wp-json\/wp\/v2\/types\/page"}],"author":[{"embeddable":true,"href":"https:\/\/bagjump.com\/fr\/wp-json\/wp\/v2\/users\/7"}],"replies":[{"embeddable":true,"href":"https:\/\/bagjump.com\/fr\/wp-json\/wp\/v2\/comments?post=1345"}],"version-history":[{"count":44,"href":"https:\/\/bagjump.com\/fr\/wp-json\/wp\/v2\/pages\/1345\/revisions"}],"predecessor-version":[{"id":3378,"href":"https:\/\/bagjump.com\/fr\/wp-json\/wp\/v2\/pages\/1345\/revisions\/3378"}],"wp:attachment":[{"href":"https:\/\/bagjump.com\/fr\/wp-json\/wp\/v2\/media?parent=1345"}],"curies":[{"name":"wp","href":"https:\/\/api.w.org\/{rel}","templated":true}]}}