{"id":2915,"date":"2024-02-13T09:39:36","date_gmt":"2024-02-13T08:39:36","guid":{"rendered":"https:\/\/bagjump.com\/?page_id=2915"},"modified":"2024-02-13T09:39:36","modified_gmt":"2024-02-13T08:39:36","slug":"airbags-2","status":"publish","type":"page","link":"https:\/\/bagjump.com\/fr\/airbags-2\/","title":{"rendered":"Airbags"},"content":{"rendered":"","protected":false},"excerpt":{"rendered":"","protected":false},"author":7,"featured_media":0,"parent":0,"menu_order":0,"comment_status":"closed","ping_status":"closed","template":"page-templates\/main-template.php","meta":{"content-type":"","footnotes":""},"class_list":["post-2915","page","type-page","status-publish","hentry"],"acf":[],"yoast_head":"<!-- This site is optimized with the Yoast SEO plugin v27.3 - https:\/\/yoast.com\/product\/yoast-seo-wordpress\/ -->\n<title>Airbag-Typen - BAGJUMP Airbag-Systeme - Jetzt entdecken!<\/title>\n<meta name=\"description\" content=\"BAGJUMP ist der bahnbrechende Erfinder und Hersteller von innovativen Airbagsystemen f\u00fcr Sport, Freizeit und Sicherheit.\" \/>\n<meta name=\"robots\" content=\"index, follow, max-snippet:-1, max-image-preview:large, max-video-preview:-1\" \/>\n<link rel=\"canonical\" href=\"https:\/\/bagjump.com\/fr\/airbags-2\/\" \/>\n<meta property=\"og:locale\" content=\"fr_FR\" \/>\n<meta property=\"og:type\" content=\"article\" \/>\n<meta property=\"og:title\" content=\"Airbag-Typen - BAGJUMP Airbag-Systeme - Jetzt entdecken!\" \/>\n<meta property=\"og:description\" content=\"BAGJUMP ist der bahnbrechende Erfinder und Hersteller von innovativen Airbagsystemen f\u00fcr Sport, Freizeit und Sicherheit.\" \/>\n<meta property=\"og:url\" content=\"https:\/\/bagjump.com\/fr\/airbags-2\/\" \/>\n<meta property=\"og:site_name\" content=\"BAGJUMP\u00ae Airbags\" \/>\n<meta property=\"article:publisher\" content=\"https:\/\/www.facebook.com\/BAGJUMP\" \/>\n<meta name=\"twitter:card\" content=\"summary_large_image\" \/>\n<meta name=\"twitter:site\" content=\"@BAGJUMP\" \/>\n<script type=\"application\/ld+json\" class=\"yoast-schema-graph\">{\"@context\":\"https:\\\/\\\/schema.org\",\"@graph\":[{\"@type\":\"WebPage\",\"@id\":\"https:\\\/\\\/bagjump.com\\\/de\\\/airbags-2\\\/\",\"url\":\"https:\\\/\\\/bagjump.com\\\/de\\\/airbags-2\\\/\",\"name\":\"Airbag-Typen - BAGJUMP Airbag-Systeme - Jetzt entdecken!\",\"isPartOf\":{\"@id\":\"https:\\\/\\\/bagjump.com\\\/#website\"},\"datePublished\":\"2024-02-13T08:39:36+00:00\",\"description\":\"BAGJUMP ist der bahnbrechende Erfinder und Hersteller von innovativen Airbagsystemen f\u00fcr Sport, Freizeit und Sicherheit.\",\"breadcrumb\":{\"@id\":\"https:\\\/\\\/bagjump.com\\\/de\\\/airbags-2\\\/#breadcrumb\"},\"inLanguage\":\"fr-FR\",\"potentialAction\":[{\"@type\":\"ReadAction\",\"target\":[\"https:\\\/\\\/bagjump.com\\\/de\\\/airbags-2\\\/\"]}]},{\"@type\":\"BreadcrumbList\",\"@id\":\"https:\\\/\\\/bagjump.com\\\/de\\\/airbags-2\\\/#breadcrumb\",\"itemListElement\":[{\"@type\":\"ListItem\",\"position\":1,\"name\":\"Home\",\"item\":\"https:\\\/\\\/bagjump.com\\\/\"},{\"@type\":\"ListItem\",\"position\":2,\"name\":\"Airbags\"}]},{\"@type\":\"WebSite\",\"@id\":\"https:\\\/\\\/bagjump.com\\\/#website\",\"url\":\"https:\\\/\\\/bagjump.com\\\/\",\"name\":\"BAGJUMP\u00ae Airbags\",\"description\":\"\",\"publisher\":{\"@id\":\"https:\\\/\\\/bagjump.com\\\/#organization\"},\"potentialAction\":[{\"@type\":\"SearchAction\",\"target\":{\"@type\":\"EntryPoint\",\"urlTemplate\":\"https:\\\/\\\/bagjump.com\\\/?s={search_term_string}\"},\"query-input\":{\"@type\":\"PropertyValueSpecification\",\"valueRequired\":true,\"valueName\":\"search_term_string\"}}],\"inLanguage\":\"fr-FR\"},{\"@type\":\"Organization\",\"@id\":\"https:\\\/\\\/bagjump.com\\\/#organization\",\"name\":\"BAGJUMP\u00ae Airbags\",\"url\":\"https:\\\/\\\/bagjump.com\\\/\",\"logo\":{\"@type\":\"ImageObject\",\"inLanguage\":\"fr-FR\",\"@id\":\"https:\\\/\\\/bagjump.com\\\/#\\\/schema\\\/logo\\\/image\\\/\",\"url\":\"https:\\\/\\\/bagjump.com\\\/wp-content\\\/uploads\\\/2023\\\/09\\\/cropped-bj-favicon.png\",\"contentUrl\":\"https:\\\/\\\/bagjump.com\\\/wp-content\\\/uploads\\\/2023\\\/09\\\/cropped-bj-favicon.png\",\"width\":512,\"height\":512,\"caption\":\"BAGJUMP\u00ae Airbags\"},\"image\":{\"@id\":\"https:\\\/\\\/bagjump.com\\\/#\\\/schema\\\/logo\\\/image\\\/\"},\"sameAs\":[\"https:\\\/\\\/www.facebook.com\\\/BAGJUMP\",\"https:\\\/\\\/x.com\\\/BAGJUMP\",\"https:\\\/\\\/www.instagram.com\\\/bagjump\\\/\"]}]}<\/script>\n<!-- \/ Yoast SEO plugin. -->","yoast_head_json":{"title":"Types d'airbags - Syst\u00e8mes d'airbags BAGJUMP - D\u00e9couvrez-les !","description":"BAGJUMP est le meilleur concepteur et vendeur de syst\u00e8mes d'airbags innovants pour le sport, la d\u00e9tente et la s\u00e9curit\u00e9.","robots":{"index":"index","follow":"follow","max-snippet":"max-snippet:-1","max-image-preview":"max-image-preview:large","max-video-preview":"max-video-preview:-1"},"canonical":"https:\/\/bagjump.com\/fr\/airbags-2\/","og_locale":"fr_FR","og_type":"article","og_title":"Airbag-Typen - BAGJUMP Airbag-Systeme - Jetzt entdecken!","og_description":"BAGJUMP ist der bahnbrechende Erfinder und Hersteller von innovativen Airbagsystemen f\u00fcr Sport, Freizeit und Sicherheit.","og_url":"https:\/\/bagjump.com\/fr\/airbags-2\/","og_site_name":"BAGJUMP\u00ae Airbags","article_publisher":"https:\/\/www.facebook.com\/BAGJUMP","twitter_card":"summary_large_image","twitter_site":"@BAGJUMP","schema":{"@context":"https:\/\/schema.org","@graph":[{"@type":"WebPage","@id":"https:\/\/bagjump.com\/de\/airbags-2\/","url":"https:\/\/bagjump.com\/de\/airbags-2\/","name":"Types d'airbags - Syst\u00e8mes d'airbags BAGJUMP - D\u00e9couvrez-les !","isPartOf":{"@id":"https:\/\/bagjump.com\/#website"},"datePublished":"2024-02-13T08:39:36+00:00","description":"BAGJUMP est le meilleur concepteur et vendeur de syst\u00e8mes d'airbags innovants pour le sport, la d\u00e9tente et la s\u00e9curit\u00e9.","breadcrumb":{"@id":"https:\/\/bagjump.com\/de\/airbags-2\/#breadcrumb"},"inLanguage":"fr-FR","potentialAction":[{"@type":"ReadAction","target":["https:\/\/bagjump.com\/de\/airbags-2\/"]}]},{"@type":"BreadcrumbList","@id":"https:\/\/bagjump.com\/de\/airbags-2\/#breadcrumb","itemListElement":[{"@type":"ListItem","position":1,"name":"Home","item":"https:\/\/bagjump.com\/"},{"@type":"ListItem","position":2,"name":"Airbags"}]},{"@type":"WebSite","@id":"https:\/\/bagjump.com\/#website","url":"https:\/\/bagjump.com\/","name":"Airbags BAGJUMP","description":"","publisher":{"@id":"https:\/\/bagjump.com\/#organization"},"potentialAction":[{"@type":"SearchAction","target":{"@type":"EntryPoint","urlTemplate":"https:\/\/bagjump.com\/?s={search_term_string}"},"query-input":{"@type":"PropertyValueSpecification","valueRequired":true,"valueName":"search_term_string"}}],"inLanguage":"fr-FR"},{"@type":"Organization","@id":"https:\/\/bagjump.com\/#organization","name":"Airbags BAGJUMP","url":"https:\/\/bagjump.com\/","logo":{"@type":"ImageObject","inLanguage":"fr-FR","@id":"https:\/\/bagjump.com\/#\/schema\/logo\/image\/","url":"https:\/\/bagjump.com\/wp-content\/uploads\/2023\/09\/cropped-bj-favicon.png","contentUrl":"https:\/\/bagjump.com\/wp-content\/uploads\/2023\/09\/cropped-bj-favicon.png","width":512,"height":512,"caption":"BAGJUMP\u00ae Airbags"},"image":{"@id":"https:\/\/bagjump.com\/#\/schema\/logo\/image\/"},"sameAs":["https:\/\/www.facebook.com\/BAGJUMP","https:\/\/x.com\/BAGJUMP","https:\/\/www.instagram.com\/bagjump\/"]}]}},"_links":{"self":[{"href":"https:\/\/bagjump.com\/fr\/wp-json\/wp\/v2\/pages\/2915","targetHints":{"allow":["GET"]}}],"collection":[{"href":"https:\/\/bagjump.com\/fr\/wp-json\/wp\/v2\/pages"}],"about":[{"href":"https:\/\/bagjump.com\/fr\/wp-json\/wp\/v2\/types\/page"}],"author":[{"embeddable":true,"href":"https:\/\/bagjump.com\/fr\/wp-json\/wp\/v2\/users\/7"}],"replies":[{"embeddable":true,"href":"https:\/\/bagjump.com\/fr\/wp-json\/wp\/v2\/comments?post=2915"}],"version-history":[{"count":1,"href":"https:\/\/bagjump.com\/fr\/wp-json\/wp\/v2\/pages\/2915\/revisions"}],"predecessor-version":[{"id":2916,"href":"https:\/\/bagjump.com\/fr\/wp-json\/wp\/v2\/pages\/2915\/revisions\/2916"}],"wp:attachment":[{"href":"https:\/\/bagjump.com\/fr\/wp-json\/wp\/v2\/media?parent=2915"}],"curies":[{"name":"wp","href":"https:\/\/api.w.org\/{rel}","templated":true}]}}