{"id":3486,"date":"2024-10-07T12:43:44","date_gmt":"2024-10-07T11:43:44","guid":{"rendered":"https:\/\/bagjump.com\/?page_id=3486"},"modified":"2024-10-07T14:59:45","modified_gmt":"2024-10-07T13:59:45","slug":"contact-concessionnaire-de-gymnastique","status":"publish","type":"page","link":"https:\/\/bagjump.com\/fr\/contact-concessionnaire-de-gymnastique\/","title":{"rendered":"Fournisseurs gymnastique USA par r\u00e9gion"},"content":{"rendered":"<p>&nbsp;<\/p>\n<p><!-- Scoped Content Container --><\/p>\n<div class=\"dealers-page\">\n<p><!-- Responsive Image Container without Caption --><\/p>\n<div class=\"map-container\"><img decoding=\"async\" class=\"map-image\" src=\"http:\/\/bagjump.com\/wp-content\/uploads\/2024\/10\/BAGJUMP-gymnastics-dealer-map-ONLY-2024-02.jpg\" alt=\"Carte compl\u00e8te montrant tous les distributeurs de mat\u00e9riel de gymnastique BAGJUMP dans les diff\u00e9rentes r\u00e9gions pour 2024\" \/><\/div>\n<p><!-- Table Container for Responsive Scroll --><\/p>\n<div class=\"table-container\">\n<table>\n<thead>\n<tr>\n<th>R\u00e9gion<\/th>\n<th>Les concessionnaires<\/th>\n<\/tr>\n<\/thead>\n<tbody><!-- Region 1 --><\/p>\n<tr>\n<td>R\u00e9gion 1 (CA, NV, UT, AZ)<\/td>\n<td>\n<div class=\"dealer\"><strong>1. D&amp;G Sports<\/strong><br \/>\n3335 Skyview Drive, Auburn, CA 95602<br \/>\nT\u00e9l\u00e9phone : 800-762-5586<br \/>\nE-mail : <a href=\"mailto:Shelly@dandgsports.com\">Shelly@dandgsports.com<\/a><\/div>\n<div class=\"dealer\"><strong>2. Rocky Mountain D&amp;G<\/strong><br \/>\n484 Westfield Road, Alpine, UT 84004<br \/>\nT\u00e9l\u00e9phone : 801-756-5221<br \/>\nE-mail : <a href=\"mailto:rockymtndngsports@gmail.com\">rockymtndngsports@gmail.com<\/a><\/div>\n<div class=\"dealer\"><strong>3. Poway Gymnastics<\/strong><br \/>\nSite web : <a href=\"http:\/\/www.powaygymnastics.com\" rel=\"nofollow\">www.powaygymnastics.com<\/a><br \/>\n19329 Susie Way, Ramona, CA 92065<br \/>\nT\u00e9l\u00e9phone : (619)-572-0456<br \/>\nE-mail : <a href=\"mailto:powgymnast@gmail.com\">powgymnast@gmail.com<\/a><\/div>\n<div class=\"dealer\"><strong>4. Produits athl\u00e9tiques Norbert's<\/strong><br \/>\nSite web : <a href=\"http:\/\/www.norberts.com\" rel=\"nofollow\">www.norberts.com<\/a><br \/>\n345 W Gardena Blvd, Gardena, CA 90248<br \/>\nE-mail : <a href=\"mailto:angela@norberts.com\">angela@norberts.com<\/a><br \/>\nT\u00e9l\u00e9phone : (800)-779-1904<\/div>\n<div class=\"dealer\"><strong>5. Extreme Athletic Supply<\/strong><br \/>\nSite web : <a href=\"http:\/\/www.extremeathletic.com\" rel=\"nofollow\">www.extremeathletic.com<\/a><br \/>\n219 Carissa Dr., Oceanside, CA 92057<br \/>\nE-mail : <a href=\"mailto:extremeathletic01@gmail.com\">extremeathletic01@gmail.com<\/a><br \/>\nT\u00e9l\u00e9phone : (760)-717-3561<\/div>\n<\/td>\n<\/tr>\n<p><!-- Region 2 --><\/p>\n<tr>\n<td>R\u00e9gion 2 (WA, OR, ID, MT)<\/td>\n<td>\n<div class=\"dealer\"><strong>6. Rocky Mountain D&amp;G<\/strong><br \/>\n484 Westfield Road, Alpine, UT 84004<br \/>\nT\u00e9l\u00e9phone : 801-756-5221<br \/>\nE-mail : <a href=\"mailto:rockymtndngsports@gmail.com\">rockymtndngsports@gmail.com<\/a><\/div>\n<div class=\"dealer\"><strong>7. D&amp;G Sports<\/strong><br \/>\n3335 Skyview Drive, Auburn, CA 95602<br \/>\nT\u00e9l\u00e9phone : 800-762-5586<br \/>\nE-mail : <a href=\"mailto:Shelly@dandgsports.com\">Shelly@dandgsports.com<\/a><\/div>\n<\/td>\n<\/tr>\n<p><!-- Region 3 --><\/p>\n<tr>\n<td>R\u00e9gion 3 (WY, CO, NM, KS, OK, TX, AR)<\/td>\n<td>\n<div class=\"dealer\"><strong>8. Tapis EZ FLEX<\/strong><br \/>\nSite web : <a href=\"http:\/\/www.ezflexmats.com\" rel=\"nofollow\">www.ezflexmats.com<\/a><br \/>\n1701 Pharr Street, Fort Worth, TX 76102<br \/>\nT\u00e9l\u00e9phone : (877)-939-3539<br \/>\nE-mail : <a href=\"mailto:ben@ezflexmats.com\">ben@ezflexmats.com<\/a><\/div>\n<div class=\"dealer\"><strong>9. TC Gym Supply<\/strong><br \/>\n8175 South Grant Way, Littleton, CO 80122<br \/>\nT\u00e9l\u00e9phone : 303-703-8199<br \/>\nE-mail : <a href=\"mailto:trevorpaulcampbell@comcast.net\">trevorpaulcampbell@comcast.net<\/a><\/div>\n<div class=\"dealer\"><strong>10. Ross Athletic Supply<\/strong><br \/>\nSite web : <a href=\"http:\/\/www.rossathletic.com\" rel=\"nofollow\">www.rossathletic.com<\/a><br \/>\n1101 South Fresno Street, Fort Smith, AR 72901<br \/>\nT\u00e9l\u00e9phone : (888)-600-7677<br \/>\nE-mail : <a href=\"mailto:meredith@rossathletic.com\">meredith@rossathletic.com<\/a><\/div>\n<\/td>\n<\/tr>\n<p><!-- Region 4 --><\/p>\n<tr>\n<td>R\u00e9gion 4 (ND, SD, NE, MN, IA, WI, MO)<\/td>\n<td>\n<div class=\"dealer\"><strong>11. United Athletic International<\/strong><br \/>\nSite web : <a href=\"http:\/\/www.unitedathletic.com\" rel=\"nofollow\">www.unitedathletic.com<\/a><br \/>\n401 Marshall Road, St. Louis, MO 63088<br \/>\nT\u00e9l\u00e9phone : (800)-877-5294<\/div>\n<\/td>\n<\/tr>\n<p><!-- Region 5 --><\/p>\n<tr>\n<td>R\u00e9gion 5 (IL, IN, MI, OH, KY)<\/td>\n<td>\n<div class=\"dealer\"><strong>12. Tumbl Trak<\/strong><br \/>\nSite web : <a href=\"http:\/\/www.tumbltrak.com\" rel=\"nofollow\">www.tumbltrak.com<\/a><br \/>\n5747 West Issabella Road, Mt Pleasant, MI 48858<br \/>\nT\u00e9l\u00e9phone : (800)-331-4362<br \/>\nE-mail : <a href=\"mailto:james@tumbltrak.com\">james@tumbltrak.com<\/a><\/div>\n<div class=\"dealer\"><strong>13. Midwest Gym Supply<\/strong><br \/>\nSite web : <a href=\"http:\/\/www.midwestgymsupply.com\" rel=\"nofollow\">www.midwestgymsupply.com<\/a><br \/>\n775 Scott Court, Madison, IN 47250<br \/>\nT\u00e9l\u00e9phone : (800)-876-3194<br \/>\nE-mail : <a href=\"mailto:midwestgymsup@gmail.com\">midwestgymsup@gmail.com<\/a><\/div>\n<\/td>\n<\/tr>\n<p><!-- Region 6 --><\/p>\n<tr>\n<td>R\u00e9gion 6 (NY, VT, ME, NH, MA, RI, CT)<\/td>\n<td>\n<div class=\"dealer\"><strong>14. Deary's Gymnastics Supply<\/strong><br \/>\nSite web : <a href=\"http:\/\/www.gymsupply.com\" rel=\"nofollow\">www.gymsupply.com<\/a><br \/>\n17 Lucienne Ave, Danielson, CT 06239<br \/>\nT\u00e9l\u00e9phone : (800)-932-3339<br \/>\nE-mail : <a href=\"mailto:info@gymsupply.com\">info@gymsupply.com<\/a><\/div>\n<div class=\"dealer\"><strong>15. Syst\u00e8mes d'entra\u00eenement athl\u00e9tique des tapis<\/strong><br \/>\nNew York<br \/>\nE-mail : <a href=\"mailto:matsathletictrainingsystems@gmail.com\">matsathletictrainingsystems@gmail.com<\/a><br \/>\nT\u00e9l\u00e9phone : (845)-807-3099<\/div>\n<\/td>\n<\/tr>\n<p><!-- Region 7 --><\/p>\n<tr>\n<td>R\u00e9gion 7 (PA, WV, VA, MD, NJ, DE)<\/td>\n<td>\n<div class=\"dealer\"><strong>16. Mancino's Manufacturing<\/strong><br \/>\nSite web : <a href=\"http:\/\/www.mancinomats.com\" rel=\"nofollow\">www.mancinomats.com<\/a><br \/>\n1180 Church Road, Suite 400, Lansdale, PA 19446<br \/>\nT\u00e9l\u00e9phone : (800)-338-6287<\/div>\n<div class=\"dealer\"><strong>17. Carolina Gym Supply<\/strong><br \/>\nSite web : <a href=\"http:\/\/www.carolinagym.com\" rel=\"nofollow\">www.carolinagym.com<\/a><br \/>\n575 Dimmocks Mill Road, Hillsborough, NC 27278<br \/>\nE-mail : <a href=\"mailto:info@carolinagym.com\">info@carolinagym.com<\/a><br \/>\nT\u00e9l\u00e9phone : 877-496-7883<\/div>\n<\/td>\n<\/tr>\n<p><!-- Region 8 --><\/p>\n<tr>\n<td>R\u00e9gion 8 (LA, MS, TN, AL, GA, SC, NC, FL)<\/td>\n<td>\n<div class=\"dealer\"><strong>18. Lightning City Gymnastics<\/strong><br \/>\nSite web : <a href=\"http:\/\/www.lightningcity.com\" rel=\"nofollow\">www.lightningcity.com<\/a><br \/>\n15494 North Nebraska Ave, Lutz, FL 33549<br \/>\nT\u00e9l\u00e9phone : (813)-558-0035<br \/>\nE-mail : <a href=\"mailto:lcgequipment@aol.com\">lcgequipment@aol.com<\/a><\/div>\n<div class=\"dealer\"><strong>19. Victory Spirit Athletics<\/strong><br \/>\nSite web : <a href=\"http:\/\/www.vaspirit.com\" rel=\"nofollow\">www.vaspirit.com<\/a><br \/>\n1001 Underwood Drive, Flowood, MS 39232<br \/>\nT\u00e9l\u00e9phone : (855)-827-7474<br \/>\nE-mail : <a href=\"mailto:justin@victoryathleticsspirit.com\">justin@victoryathleticsspirit.com<\/a><\/div>\n<\/td>\n<\/tr>\n<\/tbody>\n<\/table>\n<\/div>\n<\/div>\n<p><!-- End of dealers-page container --><\/p>\n<p>&nbsp;<\/p>","protected":false},"excerpt":{"rendered":"<p>&nbsp; Concessionnaires r\u00e9gionaux R\u00e9gion 1 (CA, NV, UT, AZ) 1. D&amp;G Sports 3335 Skyview Drive, Auburn, CA 95602 Phone : 800-762-5586 Email : Shelly@dandgsports.com 2. Rocky Mountain D&amp;G 484 Westfield Road, Alpine, UT 84004 T\u00e9l\u00e9phone : 801-756-5221 Courriel : rockymtndngsports@gmail.com 3. Poway Gymnastics Site Web : www.powaygymnastics.com 19329 Susie Way, Ramona, CA 92065 T\u00e9l\u00e9phone : (619)-572-0456 Courriel : powgymnast@gmail.com 4. Norbert's Athletic Products [...]<\/p>","protected":false},"author":7,"featured_media":0,"parent":0,"menu_order":0,"comment_status":"closed","ping_status":"closed","template":"page-templates\/main-template.php","meta":{"content-type":"","footnotes":""},"class_list":["post-3486","page","type-page","status-publish","hentry"],"acf":[],"yoast_head":"<!-- This site is optimized with the Yoast SEO plugin v27.3 - https:\/\/yoast.com\/product\/yoast-seo-wordpress\/ -->\n<title>Gymnastics Dealers USA by Region - BAGJUMP\u00ae Airbags<\/title>\n<meta name=\"robots\" content=\"index, follow, max-snippet:-1, max-image-preview:large, max-video-preview:-1\" \/>\n<link rel=\"canonical\" href=\"https:\/\/bagjump.com\/fr\/contact-concessionnaire-de-gymnastique\/\" \/>\n<meta property=\"og:locale\" content=\"fr_FR\" \/>\n<meta property=\"og:type\" content=\"article\" \/>\n<meta property=\"og:title\" content=\"Gymnastics Dealers USA by Region - BAGJUMP\u00ae Airbags\" \/>\n<meta property=\"og:description\" content=\"&nbsp; Region Dealers Region 1 (CA, NV, UT, AZ) 1. D&amp;G Sports 3335 Skyview Drive, Auburn, CA 95602 Phone: 800-762-5586 Email: Shelly@dandgsports.com 2. Rocky Mountain D&amp;G 484 Westfield Road, Alpine, UT 84004 Phone: 801-756-5221 Email: rockymtndngsports@gmail.com 3. Poway Gymnastics Website: www.powaygymnastics.com 19329 Susie Way, Ramona, CA 92065 Phone: (619)-572-0456 Email: powgymnast@gmail.com 4. Norbert\u2019s Athletic Products [&hellip;]\" \/>\n<meta property=\"og:url\" content=\"https:\/\/bagjump.com\/fr\/contact-concessionnaire-de-gymnastique\/\" \/>\n<meta property=\"og:site_name\" content=\"BAGJUMP\u00ae Airbags\" \/>\n<meta property=\"article:publisher\" content=\"https:\/\/www.facebook.com\/BAGJUMP\" \/>\n<meta property=\"article:modified_time\" content=\"2024-10-07T13:59:45+00:00\" \/>\n<meta property=\"og:image\" content=\"http:\/\/bagjump.com\/wp-content\/uploads\/2024\/10\/BAGJUMP-gymnastics-dealer-map-ONLY-2024-02.jpg\" \/>\n<meta name=\"twitter:card\" content=\"summary_large_image\" \/>\n<meta name=\"twitter:site\" content=\"@BAGJUMP\" \/>\n<meta name=\"twitter:label1\" content=\"Dur\u00e9e de lecture estim\u00e9e\" \/>\n\t<meta name=\"twitter:data1\" content=\"2 minutes\" \/>\n<script type=\"application\/ld+json\" class=\"yoast-schema-graph\">{\"@context\":\"https:\\\/\\\/schema.org\",\"@graph\":[{\"@type\":\"WebPage\",\"@id\":\"https:\\\/\\\/bagjump.com\\\/gymnastics-dealer-contact\\\/\",\"url\":\"https:\\\/\\\/bagjump.com\\\/gymnastics-dealer-contact\\\/\",\"name\":\"Gymnastics Dealers USA by Region - BAGJUMP\u00ae Airbags\",\"isPartOf\":{\"@id\":\"https:\\\/\\\/bagjump.com\\\/#website\"},\"primaryImageOfPage\":{\"@id\":\"https:\\\/\\\/bagjump.com\\\/gymnastics-dealer-contact\\\/#primaryimage\"},\"image\":{\"@id\":\"https:\\\/\\\/bagjump.com\\\/gymnastics-dealer-contact\\\/#primaryimage\"},\"thumbnailUrl\":\"http:\\\/\\\/bagjump.com\\\/wp-content\\\/uploads\\\/2024\\\/10\\\/BAGJUMP-gymnastics-dealer-map-ONLY-2024-02.jpg\",\"datePublished\":\"2024-10-07T11:43:44+00:00\",\"dateModified\":\"2024-10-07T13:59:45+00:00\",\"breadcrumb\":{\"@id\":\"https:\\\/\\\/bagjump.com\\\/gymnastics-dealer-contact\\\/#breadcrumb\"},\"inLanguage\":\"fr-FR\",\"potentialAction\":[{\"@type\":\"ReadAction\",\"target\":[\"https:\\\/\\\/bagjump.com\\\/gymnastics-dealer-contact\\\/\"]}]},{\"@type\":\"ImageObject\",\"inLanguage\":\"fr-FR\",\"@id\":\"https:\\\/\\\/bagjump.com\\\/gymnastics-dealer-contact\\\/#primaryimage\",\"url\":\"http:\\\/\\\/bagjump.com\\\/wp-content\\\/uploads\\\/2024\\\/10\\\/BAGJUMP-gymnastics-dealer-map-ONLY-2024-02.jpg\",\"contentUrl\":\"http:\\\/\\\/bagjump.com\\\/wp-content\\\/uploads\\\/2024\\\/10\\\/BAGJUMP-gymnastics-dealer-map-ONLY-2024-02.jpg\"},{\"@type\":\"BreadcrumbList\",\"@id\":\"https:\\\/\\\/bagjump.com\\\/gymnastics-dealer-contact\\\/#breadcrumb\",\"itemListElement\":[{\"@type\":\"ListItem\",\"position\":1,\"name\":\"Home\",\"item\":\"https:\\\/\\\/bagjump.com\\\/\"},{\"@type\":\"ListItem\",\"position\":2,\"name\":\"Gymnastics Dealers USA by Region\"}]},{\"@type\":\"WebSite\",\"@id\":\"https:\\\/\\\/bagjump.com\\\/#website\",\"url\":\"https:\\\/\\\/bagjump.com\\\/\",\"name\":\"BAGJUMP\u00ae Airbags\",\"description\":\"\",\"publisher\":{\"@id\":\"https:\\\/\\\/bagjump.com\\\/#organization\"},\"potentialAction\":[{\"@type\":\"SearchAction\",\"target\":{\"@type\":\"EntryPoint\",\"urlTemplate\":\"https:\\\/\\\/bagjump.com\\\/?s={search_term_string}\"},\"query-input\":{\"@type\":\"PropertyValueSpecification\",\"valueRequired\":true,\"valueName\":\"search_term_string\"}}],\"inLanguage\":\"fr-FR\"},{\"@type\":\"Organization\",\"@id\":\"https:\\\/\\\/bagjump.com\\\/#organization\",\"name\":\"BAGJUMP\u00ae Airbags\",\"url\":\"https:\\\/\\\/bagjump.com\\\/\",\"logo\":{\"@type\":\"ImageObject\",\"inLanguage\":\"fr-FR\",\"@id\":\"https:\\\/\\\/bagjump.com\\\/#\\\/schema\\\/logo\\\/image\\\/\",\"url\":\"https:\\\/\\\/bagjump.com\\\/wp-content\\\/uploads\\\/2023\\\/09\\\/cropped-bj-favicon.png\",\"contentUrl\":\"https:\\\/\\\/bagjump.com\\\/wp-content\\\/uploads\\\/2023\\\/09\\\/cropped-bj-favicon.png\",\"width\":512,\"height\":512,\"caption\":\"BAGJUMP\u00ae Airbags\"},\"image\":{\"@id\":\"https:\\\/\\\/bagjump.com\\\/#\\\/schema\\\/logo\\\/image\\\/\"},\"sameAs\":[\"https:\\\/\\\/www.facebook.com\\\/BAGJUMP\",\"https:\\\/\\\/x.com\\\/BAGJUMP\",\"https:\\\/\\\/www.instagram.com\\\/bagjump\\\/\"]}]}<\/script>\n<!-- \/ Yoast SEO plugin. -->","yoast_head_json":{"title":"Concessionnaires de gymnastique USA par r\u00e9gion - BAGJUMP\u00ae Airbags","robots":{"index":"index","follow":"follow","max-snippet":"max-snippet:-1","max-image-preview":"max-image-preview:large","max-video-preview":"max-video-preview:-1"},"canonical":"https:\/\/bagjump.com\/fr\/contact-concessionnaire-de-gymnastique\/","og_locale":"fr_FR","og_type":"article","og_title":"Gymnastics Dealers USA by Region - BAGJUMP\u00ae Airbags","og_description":"&nbsp; Region Dealers Region 1 (CA, NV, UT, AZ) 1. D&amp;G Sports 3335 Skyview Drive, Auburn, CA 95602 Phone: 800-762-5586 Email: Shelly@dandgsports.com 2. Rocky Mountain D&amp;G 484 Westfield Road, Alpine, UT 84004 Phone: 801-756-5221 Email: rockymtndngsports@gmail.com 3. Poway Gymnastics Website: www.powaygymnastics.com 19329 Susie Way, Ramona, CA 92065 Phone: (619)-572-0456 Email: powgymnast@gmail.com 4. Norbert\u2019s Athletic Products [&hellip;]","og_url":"https:\/\/bagjump.com\/fr\/contact-concessionnaire-de-gymnastique\/","og_site_name":"BAGJUMP\u00ae Airbags","article_publisher":"https:\/\/www.facebook.com\/BAGJUMP","article_modified_time":"2024-10-07T13:59:45+00:00","og_image":[{"url":"http:\/\/bagjump.com\/wp-content\/uploads\/2024\/10\/BAGJUMP-gymnastics-dealer-map-ONLY-2024-02.jpg","type":"","width":"","height":""}],"twitter_card":"summary_large_image","twitter_site":"@BAGJUMP","twitter_misc":{"Dur\u00e9e de lecture estim\u00e9e":"2 minutes"},"schema":{"@context":"https:\/\/schema.org","@graph":[{"@type":"WebPage","@id":"https:\/\/bagjump.com\/gymnastics-dealer-contact\/","url":"https:\/\/bagjump.com\/gymnastics-dealer-contact\/","name":"Concessionnaires de gymnastique USA par r\u00e9gion - BAGJUMP\u00ae Airbags","isPartOf":{"@id":"https:\/\/bagjump.com\/#website"},"primaryImageOfPage":{"@id":"https:\/\/bagjump.com\/gymnastics-dealer-contact\/#primaryimage"},"image":{"@id":"https:\/\/bagjump.com\/gymnastics-dealer-contact\/#primaryimage"},"thumbnailUrl":"http:\/\/bagjump.com\/wp-content\/uploads\/2024\/10\/BAGJUMP-gymnastics-dealer-map-ONLY-2024-02.jpg","datePublished":"2024-10-07T11:43:44+00:00","dateModified":"2024-10-07T13:59:45+00:00","breadcrumb":{"@id":"https:\/\/bagjump.com\/gymnastics-dealer-contact\/#breadcrumb"},"inLanguage":"fr-FR","potentialAction":[{"@type":"ReadAction","target":["https:\/\/bagjump.com\/gymnastics-dealer-contact\/"]}]},{"@type":"ImageObject","inLanguage":"fr-FR","@id":"https:\/\/bagjump.com\/gymnastics-dealer-contact\/#primaryimage","url":"http:\/\/bagjump.com\/wp-content\/uploads\/2024\/10\/BAGJUMP-gymnastics-dealer-map-ONLY-2024-02.jpg","contentUrl":"http:\/\/bagjump.com\/wp-content\/uploads\/2024\/10\/BAGJUMP-gymnastics-dealer-map-ONLY-2024-02.jpg"},{"@type":"BreadcrumbList","@id":"https:\/\/bagjump.com\/gymnastics-dealer-contact\/#breadcrumb","itemListElement":[{"@type":"ListItem","position":1,"name":"Home","item":"https:\/\/bagjump.com\/"},{"@type":"ListItem","position":2,"name":"Gymnastics Dealers USA by Region"}]},{"@type":"WebSite","@id":"https:\/\/bagjump.com\/#website","url":"https:\/\/bagjump.com\/","name":"Airbags BAGJUMP","description":"","publisher":{"@id":"https:\/\/bagjump.com\/#organization"},"potentialAction":[{"@type":"SearchAction","target":{"@type":"EntryPoint","urlTemplate":"https:\/\/bagjump.com\/?s={search_term_string}"},"query-input":{"@type":"PropertyValueSpecification","valueRequired":true,"valueName":"search_term_string"}}],"inLanguage":"fr-FR"},{"@type":"Organization","@id":"https:\/\/bagjump.com\/#organization","name":"Airbags BAGJUMP","url":"https:\/\/bagjump.com\/","logo":{"@type":"ImageObject","inLanguage":"fr-FR","@id":"https:\/\/bagjump.com\/#\/schema\/logo\/image\/","url":"https:\/\/bagjump.com\/wp-content\/uploads\/2023\/09\/cropped-bj-favicon.png","contentUrl":"https:\/\/bagjump.com\/wp-content\/uploads\/2023\/09\/cropped-bj-favicon.png","width":512,"height":512,"caption":"BAGJUMP\u00ae Airbags"},"image":{"@id":"https:\/\/bagjump.com\/#\/schema\/logo\/image\/"},"sameAs":["https:\/\/www.facebook.com\/BAGJUMP","https:\/\/x.com\/BAGJUMP","https:\/\/www.instagram.com\/bagjump\/"]}]}},"_links":{"self":[{"href":"https:\/\/bagjump.com\/fr\/wp-json\/wp\/v2\/pages\/3486","targetHints":{"allow":["GET"]}}],"collection":[{"href":"https:\/\/bagjump.com\/fr\/wp-json\/wp\/v2\/pages"}],"about":[{"href":"https:\/\/bagjump.com\/fr\/wp-json\/wp\/v2\/types\/page"}],"author":[{"embeddable":true,"href":"https:\/\/bagjump.com\/fr\/wp-json\/wp\/v2\/users\/7"}],"replies":[{"embeddable":true,"href":"https:\/\/bagjump.com\/fr\/wp-json\/wp\/v2\/comments?post=3486"}],"version-history":[{"count":65,"href":"https:\/\/bagjump.com\/fr\/wp-json\/wp\/v2\/pages\/3486\/revisions"}],"predecessor-version":[{"id":3562,"href":"https:\/\/bagjump.com\/fr\/wp-json\/wp\/v2\/pages\/3486\/revisions\/3562"}],"wp:attachment":[{"href":"https:\/\/bagjump.com\/fr\/wp-json\/wp\/v2\/media?parent=3486"}],"curies":[{"name":"wp","href":"https:\/\/api.w.org\/{rel}","templated":true}]}}