{"id":2376,"date":"2023-09-05T08:27:16","date_gmt":"2023-09-05T07:27:16","guid":{"rendered":"http:\/\/s1web0044.peakserver.net\/?page_id=2376"},"modified":"2023-09-05T08:35:09","modified_gmt":"2023-09-05T07:35:09","slug":"impressao","status":"publish","type":"page","link":"https:\/\/bagjump.com\/pt\/impressao\/","title":{"rendered":"Informa\u00e7\u00f5es legais"},"content":{"rendered":"","protected":false},"excerpt":{"rendered":"","protected":false},"author":7,"featured_media":0,"parent":0,"menu_order":0,"comment_status":"closed","ping_status":"closed","template":"page-templates\/main-template.php","meta":{"content-type":"","footnotes":""},"class_list":["post-2376","page","type-page","status-publish","hentry"],"acf":[],"yoast_head":"<!-- This site is optimized with the Yoast SEO plugin v27.3 - https:\/\/yoast.com\/product\/yoast-seo-wordpress\/ -->\n<title>IMPRINT - BAGJUMP\u00ae Airbags<\/title>\n<meta name=\"description\" content=\"Find our Terms and Conditions here. For questions and support contact us via our contact formular.\" \/>\n<meta name=\"robots\" content=\"index, follow, max-snippet:-1, max-image-preview:large, max-video-preview:-1\" \/>\n<link rel=\"canonical\" href=\"https:\/\/bagjump.com\/pt\/impressao\/\" \/>\n<meta property=\"og:locale\" content=\"pt_PT\" \/>\n<meta property=\"og:type\" content=\"article\" \/>\n<meta property=\"og:title\" content=\"IMPRINT - BAGJUMP\u00ae Airbags\" \/>\n<meta property=\"og:description\" content=\"Find our Terms and Conditions here. For questions and support contact us via our contact formular.\" \/>\n<meta property=\"og:url\" content=\"https:\/\/bagjump.com\/pt\/impressao\/\" \/>\n<meta property=\"og:site_name\" content=\"BAGJUMP\u00ae Airbags\" \/>\n<meta property=\"article:publisher\" content=\"https:\/\/www.facebook.com\/BAGJUMP\" \/>\n<meta property=\"article:modified_time\" content=\"2023-09-05T07:35:09+00:00\" \/>\n<meta name=\"twitter:card\" content=\"summary_large_image\" \/>\n<meta name=\"twitter:site\" content=\"@BAGJUMP\" \/>\n<script type=\"application\/ld+json\" class=\"yoast-schema-graph\">{\"@context\":\"https:\\\/\\\/schema.org\",\"@graph\":[{\"@type\":\"WebPage\",\"@id\":\"https:\\\/\\\/bagjump.com\\\/imprint\\\/\",\"url\":\"https:\\\/\\\/bagjump.com\\\/imprint\\\/\",\"name\":\"IMPRINT - BAGJUMP\u00ae Airbags\",\"isPartOf\":{\"@id\":\"https:\\\/\\\/bagjump.com\\\/#website\"},\"datePublished\":\"2023-09-05T07:27:16+00:00\",\"dateModified\":\"2023-09-05T07:35:09+00:00\",\"description\":\"Find our Terms and Conditions here. For questions and support contact us via our contact formular.\",\"breadcrumb\":{\"@id\":\"https:\\\/\\\/bagjump.com\\\/imprint\\\/#breadcrumb\"},\"inLanguage\":\"pt-PT\",\"potentialAction\":[{\"@type\":\"ReadAction\",\"target\":[\"https:\\\/\\\/bagjump.com\\\/imprint\\\/\"]}]},{\"@type\":\"BreadcrumbList\",\"@id\":\"https:\\\/\\\/bagjump.com\\\/imprint\\\/#breadcrumb\",\"itemListElement\":[{\"@type\":\"ListItem\",\"position\":1,\"name\":\"Home\",\"item\":\"https:\\\/\\\/bagjump.com\\\/\"},{\"@type\":\"ListItem\",\"position\":2,\"name\":\"Impressum\"}]},{\"@type\":\"WebSite\",\"@id\":\"https:\\\/\\\/bagjump.com\\\/#website\",\"url\":\"https:\\\/\\\/bagjump.com\\\/\",\"name\":\"BAGJUMP\u00ae Airbags\",\"description\":\"\",\"publisher\":{\"@id\":\"https:\\\/\\\/bagjump.com\\\/#organization\"},\"potentialAction\":[{\"@type\":\"SearchAction\",\"target\":{\"@type\":\"EntryPoint\",\"urlTemplate\":\"https:\\\/\\\/bagjump.com\\\/?s={search_term_string}\"},\"query-input\":{\"@type\":\"PropertyValueSpecification\",\"valueRequired\":true,\"valueName\":\"search_term_string\"}}],\"inLanguage\":\"pt-PT\"},{\"@type\":\"Organization\",\"@id\":\"https:\\\/\\\/bagjump.com\\\/#organization\",\"name\":\"BAGJUMP\u00ae Airbags\",\"url\":\"https:\\\/\\\/bagjump.com\\\/\",\"logo\":{\"@type\":\"ImageObject\",\"inLanguage\":\"pt-PT\",\"@id\":\"https:\\\/\\\/bagjump.com\\\/#\\\/schema\\\/logo\\\/image\\\/\",\"url\":\"https:\\\/\\\/bagjump.com\\\/wp-content\\\/uploads\\\/2023\\\/09\\\/cropped-bj-favicon.png\",\"contentUrl\":\"https:\\\/\\\/bagjump.com\\\/wp-content\\\/uploads\\\/2023\\\/09\\\/cropped-bj-favicon.png\",\"width\":512,\"height\":512,\"caption\":\"BAGJUMP\u00ae Airbags\"},\"image\":{\"@id\":\"https:\\\/\\\/bagjump.com\\\/#\\\/schema\\\/logo\\\/image\\\/\"},\"sameAs\":[\"https:\\\/\\\/www.facebook.com\\\/BAGJUMP\",\"https:\\\/\\\/x.com\\\/BAGJUMP\",\"https:\\\/\\\/www.instagram.com\\\/bagjump\\\/\"]}]}<\/script>\n<!-- \/ Yoast SEO plugin. -->","yoast_head_json":{"title":"IMPRINT - Airbags BAGJUMP","description":"Consulte os nossos Termos e Condi\u00e7\u00f5es aqui. Para quest\u00f5es e apoio, contacte-nos atrav\u00e9s do nosso formul\u00e1rio de contacto.","robots":{"index":"index","follow":"follow","max-snippet":"max-snippet:-1","max-image-preview":"max-image-preview:large","max-video-preview":"max-video-preview:-1"},"canonical":"https:\/\/bagjump.com\/pt\/impressao\/","og_locale":"pt_PT","og_type":"article","og_title":"IMPRINT - BAGJUMP\u00ae Airbags","og_description":"Find our Terms and Conditions here. For questions and support contact us via our contact formular.","og_url":"https:\/\/bagjump.com\/pt\/impressao\/","og_site_name":"BAGJUMP\u00ae Airbags","article_publisher":"https:\/\/www.facebook.com\/BAGJUMP","article_modified_time":"2023-09-05T07:35:09+00:00","twitter_card":"summary_large_image","twitter_site":"@BAGJUMP","schema":{"@context":"https:\/\/schema.org","@graph":[{"@type":"WebPage","@id":"https:\/\/bagjump.com\/imprint\/","url":"https:\/\/bagjump.com\/imprint\/","name":"IMPRINT - Airbags BAGJUMP","isPartOf":{"@id":"https:\/\/bagjump.com\/#website"},"datePublished":"2023-09-05T07:27:16+00:00","dateModified":"2023-09-05T07:35:09+00:00","description":"Consulte os nossos Termos e Condi\u00e7\u00f5es aqui. Para quest\u00f5es e apoio, contacte-nos atrav\u00e9s do nosso formul\u00e1rio de contacto.","breadcrumb":{"@id":"https:\/\/bagjump.com\/imprint\/#breadcrumb"},"inLanguage":"pt-PT","potentialAction":[{"@type":"ReadAction","target":["https:\/\/bagjump.com\/imprint\/"]}]},{"@type":"BreadcrumbList","@id":"https:\/\/bagjump.com\/imprint\/#breadcrumb","itemListElement":[{"@type":"ListItem","position":1,"name":"Home","item":"https:\/\/bagjump.com\/"},{"@type":"ListItem","position":2,"name":"Impressum"}]},{"@type":"WebSite","@id":"https:\/\/bagjump.com\/#website","url":"https:\/\/bagjump.com\/","name":"Airbags BAGJUMP","description":"","publisher":{"@id":"https:\/\/bagjump.com\/#organization"},"potentialAction":[{"@type":"SearchAction","target":{"@type":"EntryPoint","urlTemplate":"https:\/\/bagjump.com\/?s={search_term_string}"},"query-input":{"@type":"PropertyValueSpecification","valueRequired":true,"valueName":"search_term_string"}}],"inLanguage":"pt-PT"},{"@type":"Organization","@id":"https:\/\/bagjump.com\/#organization","name":"Airbags BAGJUMP","url":"https:\/\/bagjump.com\/","logo":{"@type":"ImageObject","inLanguage":"pt-PT","@id":"https:\/\/bagjump.com\/#\/schema\/logo\/image\/","url":"https:\/\/bagjump.com\/wp-content\/uploads\/2023\/09\/cropped-bj-favicon.png","contentUrl":"https:\/\/bagjump.com\/wp-content\/uploads\/2023\/09\/cropped-bj-favicon.png","width":512,"height":512,"caption":"BAGJUMP\u00ae Airbags"},"image":{"@id":"https:\/\/bagjump.com\/#\/schema\/logo\/image\/"},"sameAs":["https:\/\/www.facebook.com\/BAGJUMP","https:\/\/x.com\/BAGJUMP","https:\/\/www.instagram.com\/bagjump\/"]}]}},"_links":{"self":[{"href":"https:\/\/bagjump.com\/pt\/wp-json\/wp\/v2\/pages\/2376","targetHints":{"allow":["GET"]}}],"collection":[{"href":"https:\/\/bagjump.com\/pt\/wp-json\/wp\/v2\/pages"}],"about":[{"href":"https:\/\/bagjump.com\/pt\/wp-json\/wp\/v2\/types\/page"}],"author":[{"embeddable":true,"href":"https:\/\/bagjump.com\/pt\/wp-json\/wp\/v2\/users\/7"}],"replies":[{"embeddable":true,"href":"https:\/\/bagjump.com\/pt\/wp-json\/wp\/v2\/comments?post=2376"}],"version-history":[{"count":5,"href":"https:\/\/bagjump.com\/pt\/wp-json\/wp\/v2\/pages\/2376\/revisions"}],"predecessor-version":[{"id":2390,"href":"https:\/\/bagjump.com\/pt\/wp-json\/wp\/v2\/pages\/2376\/revisions\/2390"}],"wp:attachment":[{"href":"https:\/\/bagjump.com\/pt\/wp-json\/wp\/v2\/media?parent=2376"}],"curies":[{"name":"wp","href":"https:\/\/api.w.org\/{rel}","templated":true}]}}