{"id":5546,"date":"2025-06-27T08:40:22","date_gmt":"2025-06-27T07:40:22","guid":{"rendered":"https:\/\/bagjump.com\/?post_type=product&#038;p=5546"},"modified":"2025-12-05T14:24:51","modified_gmt":"2025-12-05T13:24:51","slug":"aterragem-de-bicicletas","status":"publish","type":"product","link":"https:\/\/bagjump.com\/pt\/produto\/aterragem-de-bicicletas\/","title":{"rendered":"Aterragem de bicicletas"},"content":{"rendered":"","protected":false},"excerpt":{"rendered":"<p>Leve a sua OnePiece Bike Landing para onde quer que v\u00e1 e fa\u00e7a sess\u00f5es com os seus amigos ou pratique em seguran\u00e7a para a sua pr\u00f3xima competi\u00e7\u00e3o! \u00c9 pequeno e f\u00e1cil de transportar. Novo design patenteado para aterragens suaves e macias sem saltos. Utilize-o como uma instala\u00e7\u00e3o port\u00e1til ou na sua rua\/jardim - quando terminar, basta arrum\u00e1-lo e utilizar o espa\u00e7o para outra coisa. Para a melhor experi\u00eancia de condu\u00e7\u00e3o, combina uma aterragem real com a seguran\u00e7a e o conforto de um airbag.<\/p>","protected":false},"featured_media":5585,"comment_status":"closed","ping_status":"closed","template":"","meta":{"content-type":""},"product_brand":[],"product_cat":[322],"product_tag":[339,340,341],"class_list":{"0":"post-5546","1":"product","2":"type-product","3":"status-publish","4":"has-post-thumbnail","6":"product_cat-airbags","7":"product_tag-bike","8":"product_tag-bike-and-skate","9":"product_tag-skate-parks","11":"first","12":"instock","13":"taxable","14":"shipping-taxable","15":"purchasable","16":"product-type-variable","17":"has-default-attributes"},"acf":[],"yoast_head":"<!-- This site is optimized with the Yoast SEO plugin v27.3 - https:\/\/yoast.com\/product\/yoast-seo-wordpress\/ -->\n<title>Bike Landing\u00ae - BAGJUMP\u00ae Airbags - Buy now<\/title>\n<meta name=\"description\" content=\"Session it anywhere! Bring your BAGJUMP Bike Landing wherever you go &amp; practice safely for your next competitlon! Buy your Bike Landing now\" \/>\n<meta name=\"robots\" content=\"noindex, follow\" \/>\n<meta property=\"og:locale\" content=\"pt_PT\" \/>\n<meta property=\"og:type\" content=\"article\" \/>\n<meta property=\"og:title\" content=\"Bike Landing\u00ae - BAGJUMP\u00ae Airbags - Buy now\" \/>\n<meta property=\"og:description\" content=\"Session it anywhere! Bring your BAGJUMP Bike Landing wherever you go &amp; practice safely for your next competitlon! Buy your Bike Landing now\" \/>\n<meta property=\"og:url\" content=\"https:\/\/bagjump.com\/pt\/produto\/aterragem-de-bicicletas\/\" \/>\n<meta property=\"og:site_name\" content=\"BAGJUMP\u00ae Airbags\" \/>\n<meta property=\"article:publisher\" content=\"https:\/\/www.facebook.com\/BAGJUMP\" \/>\n<meta property=\"article:modified_time\" content=\"2025-12-05T13:24:51+00:00\" \/>\n<meta property=\"og:image\" content=\"http:\/\/bagjump.com\/wp-content\/uploads\/2025\/06\/Bagjump-Onepiece-bike-airbag-landing-airbag-lander.webp\" \/>\n\t<meta property=\"og:image:width\" content=\"800\" \/>\n\t<meta property=\"og:image:height\" content=\"800\" \/>\n\t<meta property=\"og:image:type\" content=\"image\/webp\" \/>\n<meta name=\"twitter:card\" content=\"summary_large_image\" \/>\n<meta name=\"twitter:site\" content=\"@BAGJUMP\" \/>\n<meta name=\"twitter:label1\" content=\"Tempo estimado de leitura\" \/>\n\t<meta name=\"twitter:data1\" content=\"1 minuto\" \/>\n<script type=\"application\/ld+json\" class=\"yoast-schema-graph\">{\"@context\":\"https:\\\/\\\/schema.org\",\"@graph\":[{\"@type\":\"WebPage\",\"@id\":\"https:\\\/\\\/bagjump.com\\\/product\\\/bike-landing\\\/\",\"url\":\"https:\\\/\\\/bagjump.com\\\/product\\\/bike-landing\\\/\",\"name\":\"Bike Landing\u00ae - BAGJUMP\u00ae Airbags - Buy now\",\"isPartOf\":{\"@id\":\"https:\\\/\\\/bagjump.com\\\/#website\"},\"primaryImageOfPage\":{\"@id\":\"https:\\\/\\\/bagjump.com\\\/product\\\/bike-landing\\\/#primaryimage\"},\"image\":{\"@id\":\"https:\\\/\\\/bagjump.com\\\/product\\\/bike-landing\\\/#primaryimage\"},\"thumbnailUrl\":\"https:\\\/\\\/bagjump.com\\\/wp-content\\\/uploads\\\/2025\\\/06\\\/Bagjump-Onepiece-bike-airbag-landing-airbag-lander.webp\",\"datePublished\":\"2025-06-27T07:40:22+00:00\",\"dateModified\":\"2025-12-05T13:24:51+00:00\",\"description\":\"Session it anywhere! Bring your BAGJUMP Bike Landing wherever you go & practice safely for your next competitlon! Buy your Bike Landing now\",\"breadcrumb\":{\"@id\":\"https:\\\/\\\/bagjump.com\\\/product\\\/bike-landing\\\/#breadcrumb\"},\"inLanguage\":\"pt-PT\",\"potentialAction\":[{\"@type\":\"ReadAction\",\"target\":[\"https:\\\/\\\/bagjump.com\\\/product\\\/bike-landing\\\/\"]}]},{\"@type\":\"ImageObject\",\"inLanguage\":\"pt-PT\",\"@id\":\"https:\\\/\\\/bagjump.com\\\/product\\\/bike-landing\\\/#primaryimage\",\"url\":\"https:\\\/\\\/bagjump.com\\\/wp-content\\\/uploads\\\/2025\\\/06\\\/Bagjump-Onepiece-bike-airbag-landing-airbag-lander.webp\",\"contentUrl\":\"https:\\\/\\\/bagjump.com\\\/wp-content\\\/uploads\\\/2025\\\/06\\\/Bagjump-Onepiece-bike-airbag-landing-airbag-lander.webp\",\"width\":800,\"height\":800,\"caption\":\"Bagjump Onepiece bike airbag landing airbag lander\"},{\"@type\":\"BreadcrumbList\",\"@id\":\"https:\\\/\\\/bagjump.com\\\/product\\\/bike-landing\\\/#breadcrumb\",\"itemListElement\":[{\"@type\":\"ListItem\",\"position\":1,\"name\":\"Home\",\"item\":\"https:\\\/\\\/bagjump.com\\\/\"},{\"@type\":\"ListItem\",\"position\":2,\"name\":\"Bagjump Shop\",\"item\":\"https:\\\/\\\/bagjump.com\\\/?page_id=5725\"},{\"@type\":\"ListItem\",\"position\":3,\"name\":\"Bike Landing\u00ae\"}]},{\"@type\":\"WebSite\",\"@id\":\"https:\\\/\\\/bagjump.com\\\/#website\",\"url\":\"https:\\\/\\\/bagjump.com\\\/\",\"name\":\"BAGJUMP\u00ae Airbags\",\"description\":\"\",\"publisher\":{\"@id\":\"https:\\\/\\\/bagjump.com\\\/#organization\"},\"potentialAction\":[{\"@type\":\"SearchAction\",\"target\":{\"@type\":\"EntryPoint\",\"urlTemplate\":\"https:\\\/\\\/bagjump.com\\\/?s={search_term_string}\"},\"query-input\":{\"@type\":\"PropertyValueSpecification\",\"valueRequired\":true,\"valueName\":\"search_term_string\"}}],\"inLanguage\":\"pt-PT\"},{\"@type\":\"Organization\",\"@id\":\"https:\\\/\\\/bagjump.com\\\/#organization\",\"name\":\"BAGJUMP\u00ae Airbags\",\"url\":\"https:\\\/\\\/bagjump.com\\\/\",\"logo\":{\"@type\":\"ImageObject\",\"inLanguage\":\"pt-PT\",\"@id\":\"https:\\\/\\\/bagjump.com\\\/#\\\/schema\\\/logo\\\/image\\\/\",\"url\":\"https:\\\/\\\/bagjump.com\\\/wp-content\\\/uploads\\\/2023\\\/09\\\/cropped-bj-favicon.png\",\"contentUrl\":\"https:\\\/\\\/bagjump.com\\\/wp-content\\\/uploads\\\/2023\\\/09\\\/cropped-bj-favicon.png\",\"width\":512,\"height\":512,\"caption\":\"BAGJUMP\u00ae Airbags\"},\"image\":{\"@id\":\"https:\\\/\\\/bagjump.com\\\/#\\\/schema\\\/logo\\\/image\\\/\"},\"sameAs\":[\"https:\\\/\\\/www.facebook.com\\\/BAGJUMP\",\"https:\\\/\\\/x.com\\\/BAGJUMP\",\"https:\\\/\\\/www.instagram.com\\\/bagjump\\\/\"]}]}<\/script>\n<!-- \/ Yoast SEO plugin. -->","yoast_head_json":{"title":"Bike Landing\u00ae - BAGJUMP\u00ae Airbags - Comprar agora","description":"Sess\u00e3o em qualquer lado! Leve a sua Bike Landing BAGJUMP para onde quer que v\u00e1 e pratique em seguran\u00e7a para a sua pr\u00f3xima competi\u00e7\u00e3o! Compre j\u00e1 a sua Bike Landing","robots":{"index":"noindex","follow":"follow"},"og_locale":"pt_PT","og_type":"article","og_title":"Bike Landing\u00ae - BAGJUMP\u00ae Airbags - Buy now","og_description":"Session it anywhere! Bring your BAGJUMP Bike Landing wherever you go & practice safely for your next competitlon! Buy your Bike Landing now","og_url":"https:\/\/bagjump.com\/pt\/produto\/aterragem-de-bicicletas\/","og_site_name":"BAGJUMP\u00ae Airbags","article_publisher":"https:\/\/www.facebook.com\/BAGJUMP","article_modified_time":"2025-12-05T13:24:51+00:00","og_image":[{"width":800,"height":800,"url":"http:\/\/bagjump.com\/wp-content\/uploads\/2025\/06\/Bagjump-Onepiece-bike-airbag-landing-airbag-lander.webp","type":"image\/webp"}],"twitter_card":"summary_large_image","twitter_site":"@BAGJUMP","twitter_misc":{"Tempo estimado de leitura":"1 minuto"},"schema":{"@context":"https:\/\/schema.org","@graph":[{"@type":"WebPage","@id":"https:\/\/bagjump.com\/product\/bike-landing\/","url":"https:\/\/bagjump.com\/product\/bike-landing\/","name":"Bike Landing\u00ae - BAGJUMP\u00ae Airbags - Comprar agora","isPartOf":{"@id":"https:\/\/bagjump.com\/#website"},"primaryImageOfPage":{"@id":"https:\/\/bagjump.com\/product\/bike-landing\/#primaryimage"},"image":{"@id":"https:\/\/bagjump.com\/product\/bike-landing\/#primaryimage"},"thumbnailUrl":"https:\/\/bagjump.com\/wp-content\/uploads\/2025\/06\/Bagjump-Onepiece-bike-airbag-landing-airbag-lander.webp","datePublished":"2025-06-27T07:40:22+00:00","dateModified":"2025-12-05T13:24:51+00:00","description":"Sess\u00e3o em qualquer lado! Leve a sua Bike Landing BAGJUMP para onde quer que v\u00e1 e pratique em seguran\u00e7a para a sua pr\u00f3xima competi\u00e7\u00e3o! Compre j\u00e1 a sua Bike Landing","breadcrumb":{"@id":"https:\/\/bagjump.com\/product\/bike-landing\/#breadcrumb"},"inLanguage":"pt-PT","potentialAction":[{"@type":"ReadAction","target":["https:\/\/bagjump.com\/product\/bike-landing\/"]}]},{"@type":"ImageObject","inLanguage":"pt-PT","@id":"https:\/\/bagjump.com\/product\/bike-landing\/#primaryimage","url":"https:\/\/bagjump.com\/wp-content\/uploads\/2025\/06\/Bagjump-Onepiece-bike-airbag-landing-airbag-lander.webp","contentUrl":"https:\/\/bagjump.com\/wp-content\/uploads\/2025\/06\/Bagjump-Onepiece-bike-airbag-landing-airbag-lander.webp","width":800,"height":800,"caption":"Bagjump Onepiece bike airbag landing airbag lander"},{"@type":"BreadcrumbList","@id":"https:\/\/bagjump.com\/product\/bike-landing\/#breadcrumb","itemListElement":[{"@type":"ListItem","position":1,"name":"Home","item":"https:\/\/bagjump.com\/"},{"@type":"ListItem","position":2,"name":"Bagjump Shop","item":"https:\/\/bagjump.com\/?page_id=5725"},{"@type":"ListItem","position":3,"name":"Bike Landing\u00ae"}]},{"@type":"WebSite","@id":"https:\/\/bagjump.com\/#website","url":"https:\/\/bagjump.com\/","name":"Airbags BAGJUMP","description":"","publisher":{"@id":"https:\/\/bagjump.com\/#organization"},"potentialAction":[{"@type":"SearchAction","target":{"@type":"EntryPoint","urlTemplate":"https:\/\/bagjump.com\/?s={search_term_string}"},"query-input":{"@type":"PropertyValueSpecification","valueRequired":true,"valueName":"search_term_string"}}],"inLanguage":"pt-PT"},{"@type":"Organization","@id":"https:\/\/bagjump.com\/#organization","name":"Airbags BAGJUMP","url":"https:\/\/bagjump.com\/","logo":{"@type":"ImageObject","inLanguage":"pt-PT","@id":"https:\/\/bagjump.com\/#\/schema\/logo\/image\/","url":"https:\/\/bagjump.com\/wp-content\/uploads\/2023\/09\/cropped-bj-favicon.png","contentUrl":"https:\/\/bagjump.com\/wp-content\/uploads\/2023\/09\/cropped-bj-favicon.png","width":512,"height":512,"caption":"BAGJUMP\u00ae Airbags"},"image":{"@id":"https:\/\/bagjump.com\/#\/schema\/logo\/image\/"},"sameAs":["https:\/\/www.facebook.com\/BAGJUMP","https:\/\/x.com\/BAGJUMP","https:\/\/www.instagram.com\/bagjump\/"]}]}},"_links":{"self":[{"href":"https:\/\/bagjump.com\/pt\/wp-json\/wp\/v2\/product\/5546","targetHints":{"allow":["GET"]}}],"collection":[{"href":"https:\/\/bagjump.com\/pt\/wp-json\/wp\/v2\/product"}],"about":[{"href":"https:\/\/bagjump.com\/pt\/wp-json\/wp\/v2\/types\/product"}],"replies":[{"embeddable":true,"href":"https:\/\/bagjump.com\/pt\/wp-json\/wp\/v2\/comments?post=5546"}],"wp:featuredmedia":[{"embeddable":true,"href":"https:\/\/bagjump.com\/pt\/wp-json\/wp\/v2\/media\/5585"}],"wp:attachment":[{"href":"https:\/\/bagjump.com\/pt\/wp-json\/wp\/v2\/media?parent=5546"}],"wp:term":[{"taxonomy":"product_brand","embeddable":true,"href":"https:\/\/bagjump.com\/pt\/wp-json\/wp\/v2\/product_brand?post=5546"},{"taxonomy":"product_cat","embeddable":true,"href":"https:\/\/bagjump.com\/pt\/wp-json\/wp\/v2\/product_cat?post=5546"},{"taxonomy":"product_tag","embeddable":true,"href":"https:\/\/bagjump.com\/pt\/wp-json\/wp\/v2\/product_tag?post=5546"}],"curies":[{"name":"wp","href":"https:\/\/api.w.org\/{rel}","templated":true}]}}