{"id":5880,"date":"2025-07-09T12:24:43","date_gmt":"2025-07-09T11:24:43","guid":{"rendered":"https:\/\/bagjump.com\/?post_type=product&#038;p=5880"},"modified":"2025-12-10T13:25:05","modified_gmt":"2025-12-10T12:25:05","slug":"repair-kit","status":"publish","type":"product","link":"https:\/\/bagjump.com\/pt\/produto\/repair-kit\/","title":{"rendered":"Kit de repara\u00e7\u00e3o"},"content":{"rendered":"","protected":false},"excerpt":{"rendered":"<p>Lorem Ipsum \u00e9 simplesmente o texto fict\u00edcio da ind\u00fastria gr\u00e1fica e tipogr\u00e1fica. O Lorem Ipsum tem sido o texto fict\u00edcio padr\u00e3o da ind\u00fastria desde 1500, quando um impressor desconhecido pegou numa gal\u00e9 de tipos e a misturou para fazer um livro de amostras de tipos. Sobreviveu n\u00e3o s\u00f3 a cinco s\u00e9culos, mas tamb\u00e9m ao salto para a composi\u00e7\u00e3o eletr\u00f3nica, permanecendo essencialmente inalterado. Foi popularizado nos anos 60 com o lan\u00e7amento de folhas Letraset contendo passagens Lorem Ipsum e, mais recentemente, com software de edi\u00e7\u00e3o eletr\u00f3nica como o Aldus PageMaker, que inclui vers\u00f5es de Lorem Ipsum.<\/p>","protected":false},"featured_media":5933,"comment_status":"open","ping_status":"closed","template":"","meta":{"content-type":""},"product_brand":[],"product_cat":[258],"product_tag":[],"class_list":{"0":"post-5880","1":"product","2":"type-product","3":"status-publish","4":"has-post-thumbnail","6":"product_cat-uncategorized","8":"first","9":"instock","10":"taxable","11":"shipping-taxable","12":"purchasable","13":"product-type-simple"},"acf":[],"yoast_head":"<!-- This site is optimized with the Yoast SEO plugin v27.3 - https:\/\/yoast.com\/product\/yoast-seo-wordpress\/ -->\n<title>Repair Kit - BAGJUMP\u00ae Airbags<\/title>\n<meta name=\"robots\" content=\"noindex, follow\" \/>\n<meta property=\"og:locale\" content=\"pt_PT\" \/>\n<meta property=\"og:type\" content=\"article\" \/>\n<meta property=\"og:title\" content=\"Repair Kit - BAGJUMP\u00ae Airbags\" \/>\n<meta property=\"og:description\" content=\"Lorem Ipsum is simply dummy text of the printing and typesetting industry. Lorem Ipsum has been the industry&#039;s standard dummy text ever since the 1500s, when an unknown printer took a galley of type and scrambled it to make a type specimen book. It has survived not only five centuries, but also the leap into electronic typesetting, remaining essentially unchanged. It was popularised in the 1960s with the release of Letraset sheets containing Lorem Ipsum passages, and more recently with desktop publishing software like Aldus PageMaker including versions of Lorem Ipsum.\" \/>\n<meta property=\"og:url\" content=\"https:\/\/bagjump.com\/pt\/produto\/repair-kit\/\" \/>\n<meta property=\"og:site_name\" content=\"BAGJUMP\u00ae Airbags\" \/>\n<meta property=\"article:publisher\" content=\"https:\/\/www.facebook.com\/BAGJUMP\" \/>\n<meta property=\"article:modified_time\" content=\"2025-12-10T12:25:05+00:00\" \/>\n<meta property=\"og:image\" content=\"http:\/\/bagjump.com\/wp-content\/uploads\/2025\/07\/Adhesive-Airbag-Repair-Patches--scaled.jpg\" \/>\n\t<meta property=\"og:image:width\" content=\"2127\" \/>\n\t<meta property=\"og:image:height\" content=\"2560\" \/>\n\t<meta property=\"og:image:type\" content=\"image\/jpeg\" \/>\n<meta name=\"twitter:card\" content=\"summary_large_image\" \/>\n<meta name=\"twitter:site\" content=\"@BAGJUMP\" \/>\n<meta name=\"twitter:label1\" content=\"Tempo estimado de leitura\" \/>\n\t<meta name=\"twitter:data1\" content=\"1 minuto\" \/>\n<script type=\"application\/ld+json\" class=\"yoast-schema-graph\">{\"@context\":\"https:\\\/\\\/schema.org\",\"@graph\":[{\"@type\":\"WebPage\",\"@id\":\"https:\\\/\\\/bagjump.com\\\/product\\\/repair-kit\\\/\",\"url\":\"https:\\\/\\\/bagjump.com\\\/product\\\/repair-kit\\\/\",\"name\":\"Repair Kit - BAGJUMP\u00ae Airbags\",\"isPartOf\":{\"@id\":\"https:\\\/\\\/bagjump.com\\\/#website\"},\"primaryImageOfPage\":{\"@id\":\"https:\\\/\\\/bagjump.com\\\/product\\\/repair-kit\\\/#primaryimage\"},\"image\":{\"@id\":\"https:\\\/\\\/bagjump.com\\\/product\\\/repair-kit\\\/#primaryimage\"},\"thumbnailUrl\":\"https:\\\/\\\/bagjump.com\\\/wp-content\\\/uploads\\\/2025\\\/07\\\/Adhesive-Airbag-Repair-Patches--scaled.jpg\",\"datePublished\":\"2025-07-09T11:24:43+00:00\",\"dateModified\":\"2025-12-10T12:25:05+00:00\",\"breadcrumb\":{\"@id\":\"https:\\\/\\\/bagjump.com\\\/product\\\/repair-kit\\\/#breadcrumb\"},\"inLanguage\":\"pt-PT\",\"potentialAction\":[{\"@type\":\"ReadAction\",\"target\":[\"https:\\\/\\\/bagjump.com\\\/product\\\/repair-kit\\\/\"]}]},{\"@type\":\"ImageObject\",\"inLanguage\":\"pt-PT\",\"@id\":\"https:\\\/\\\/bagjump.com\\\/product\\\/repair-kit\\\/#primaryimage\",\"url\":\"https:\\\/\\\/bagjump.com\\\/wp-content\\\/uploads\\\/2025\\\/07\\\/Adhesive-Airbag-Repair-Patches--scaled.jpg\",\"contentUrl\":\"https:\\\/\\\/bagjump.com\\\/wp-content\\\/uploads\\\/2025\\\/07\\\/Adhesive-Airbag-Repair-Patches--scaled.jpg\",\"width\":2127,\"height\":2560,\"caption\":\"Adhesive Airbag Repair Patches\"},{\"@type\":\"BreadcrumbList\",\"@id\":\"https:\\\/\\\/bagjump.com\\\/product\\\/repair-kit\\\/#breadcrumb\",\"itemListElement\":[{\"@type\":\"ListItem\",\"position\":1,\"name\":\"Home\",\"item\":\"https:\\\/\\\/bagjump.com\\\/\"},{\"@type\":\"ListItem\",\"position\":2,\"name\":\"Bagjump Shop\",\"item\":\"https:\\\/\\\/bagjump.com\\\/?page_id=5725\"},{\"@type\":\"ListItem\",\"position\":3,\"name\":\"Repair Kit\"}]},{\"@type\":\"WebSite\",\"@id\":\"https:\\\/\\\/bagjump.com\\\/#website\",\"url\":\"https:\\\/\\\/bagjump.com\\\/\",\"name\":\"BAGJUMP\u00ae Airbags\",\"description\":\"\",\"publisher\":{\"@id\":\"https:\\\/\\\/bagjump.com\\\/#organization\"},\"potentialAction\":[{\"@type\":\"SearchAction\",\"target\":{\"@type\":\"EntryPoint\",\"urlTemplate\":\"https:\\\/\\\/bagjump.com\\\/?s={search_term_string}\"},\"query-input\":{\"@type\":\"PropertyValueSpecification\",\"valueRequired\":true,\"valueName\":\"search_term_string\"}}],\"inLanguage\":\"pt-PT\"},{\"@type\":\"Organization\",\"@id\":\"https:\\\/\\\/bagjump.com\\\/#organization\",\"name\":\"BAGJUMP\u00ae Airbags\",\"url\":\"https:\\\/\\\/bagjump.com\\\/\",\"logo\":{\"@type\":\"ImageObject\",\"inLanguage\":\"pt-PT\",\"@id\":\"https:\\\/\\\/bagjump.com\\\/#\\\/schema\\\/logo\\\/image\\\/\",\"url\":\"https:\\\/\\\/bagjump.com\\\/wp-content\\\/uploads\\\/2023\\\/09\\\/cropped-bj-favicon.png\",\"contentUrl\":\"https:\\\/\\\/bagjump.com\\\/wp-content\\\/uploads\\\/2023\\\/09\\\/cropped-bj-favicon.png\",\"width\":512,\"height\":512,\"caption\":\"BAGJUMP\u00ae Airbags\"},\"image\":{\"@id\":\"https:\\\/\\\/bagjump.com\\\/#\\\/schema\\\/logo\\\/image\\\/\"},\"sameAs\":[\"https:\\\/\\\/www.facebook.com\\\/BAGJUMP\",\"https:\\\/\\\/x.com\\\/BAGJUMP\",\"https:\\\/\\\/www.instagram.com\\\/bagjump\\\/\"]}]}<\/script>\n<!-- \/ Yoast SEO plugin. -->","yoast_head_json":{"title":"Kit de repara\u00e7\u00e3o - BAGJUMP\u00ae Airbags","robots":{"index":"noindex","follow":"follow"},"og_locale":"pt_PT","og_type":"article","og_title":"Repair Kit - BAGJUMP\u00ae Airbags","og_description":"Lorem Ipsum is simply dummy text of the printing and typesetting industry. Lorem Ipsum has been the industry's standard dummy text ever since the 1500s, when an unknown printer took a galley of type and scrambled it to make a type specimen book. It has survived not only five centuries, but also the leap into electronic typesetting, remaining essentially unchanged. It was popularised in the 1960s with the release of Letraset sheets containing Lorem Ipsum passages, and more recently with desktop publishing software like Aldus PageMaker including versions of Lorem Ipsum.","og_url":"https:\/\/bagjump.com\/pt\/produto\/repair-kit\/","og_site_name":"BAGJUMP\u00ae Airbags","article_publisher":"https:\/\/www.facebook.com\/BAGJUMP","article_modified_time":"2025-12-10T12:25:05+00:00","og_image":[{"width":2127,"height":2560,"url":"http:\/\/bagjump.com\/wp-content\/uploads\/2025\/07\/Adhesive-Airbag-Repair-Patches--scaled.jpg","type":"image\/jpeg"}],"twitter_card":"summary_large_image","twitter_site":"@BAGJUMP","twitter_misc":{"Tempo estimado de leitura":"1 minuto"},"schema":{"@context":"https:\/\/schema.org","@graph":[{"@type":"WebPage","@id":"https:\/\/bagjump.com\/product\/repair-kit\/","url":"https:\/\/bagjump.com\/product\/repair-kit\/","name":"Kit de repara\u00e7\u00e3o - BAGJUMP\u00ae Airbags","isPartOf":{"@id":"https:\/\/bagjump.com\/#website"},"primaryImageOfPage":{"@id":"https:\/\/bagjump.com\/product\/repair-kit\/#primaryimage"},"image":{"@id":"https:\/\/bagjump.com\/product\/repair-kit\/#primaryimage"},"thumbnailUrl":"https:\/\/bagjump.com\/wp-content\/uploads\/2025\/07\/Adhesive-Airbag-Repair-Patches--scaled.jpg","datePublished":"2025-07-09T11:24:43+00:00","dateModified":"2025-12-10T12:25:05+00:00","breadcrumb":{"@id":"https:\/\/bagjump.com\/product\/repair-kit\/#breadcrumb"},"inLanguage":"pt-PT","potentialAction":[{"@type":"ReadAction","target":["https:\/\/bagjump.com\/product\/repair-kit\/"]}]},{"@type":"ImageObject","inLanguage":"pt-PT","@id":"https:\/\/bagjump.com\/product\/repair-kit\/#primaryimage","url":"https:\/\/bagjump.com\/wp-content\/uploads\/2025\/07\/Adhesive-Airbag-Repair-Patches--scaled.jpg","contentUrl":"https:\/\/bagjump.com\/wp-content\/uploads\/2025\/07\/Adhesive-Airbag-Repair-Patches--scaled.jpg","width":2127,"height":2560,"caption":"Adhesive Airbag Repair Patches"},{"@type":"BreadcrumbList","@id":"https:\/\/bagjump.com\/product\/repair-kit\/#breadcrumb","itemListElement":[{"@type":"ListItem","position":1,"name":"Home","item":"https:\/\/bagjump.com\/"},{"@type":"ListItem","position":2,"name":"Bagjump Shop","item":"https:\/\/bagjump.com\/?page_id=5725"},{"@type":"ListItem","position":3,"name":"Repair Kit"}]},{"@type":"WebSite","@id":"https:\/\/bagjump.com\/#website","url":"https:\/\/bagjump.com\/","name":"Airbags BAGJUMP","description":"","publisher":{"@id":"https:\/\/bagjump.com\/#organization"},"potentialAction":[{"@type":"SearchAction","target":{"@type":"EntryPoint","urlTemplate":"https:\/\/bagjump.com\/?s={search_term_string}"},"query-input":{"@type":"PropertyValueSpecification","valueRequired":true,"valueName":"search_term_string"}}],"inLanguage":"pt-PT"},{"@type":"Organization","@id":"https:\/\/bagjump.com\/#organization","name":"Airbags BAGJUMP","url":"https:\/\/bagjump.com\/","logo":{"@type":"ImageObject","inLanguage":"pt-PT","@id":"https:\/\/bagjump.com\/#\/schema\/logo\/image\/","url":"https:\/\/bagjump.com\/wp-content\/uploads\/2023\/09\/cropped-bj-favicon.png","contentUrl":"https:\/\/bagjump.com\/wp-content\/uploads\/2023\/09\/cropped-bj-favicon.png","width":512,"height":512,"caption":"BAGJUMP\u00ae Airbags"},"image":{"@id":"https:\/\/bagjump.com\/#\/schema\/logo\/image\/"},"sameAs":["https:\/\/www.facebook.com\/BAGJUMP","https:\/\/x.com\/BAGJUMP","https:\/\/www.instagram.com\/bagjump\/"]}]}},"_links":{"self":[{"href":"https:\/\/bagjump.com\/pt\/wp-json\/wp\/v2\/product\/5880","targetHints":{"allow":["GET"]}}],"collection":[{"href":"https:\/\/bagjump.com\/pt\/wp-json\/wp\/v2\/product"}],"about":[{"href":"https:\/\/bagjump.com\/pt\/wp-json\/wp\/v2\/types\/product"}],"replies":[{"embeddable":true,"href":"https:\/\/bagjump.com\/pt\/wp-json\/wp\/v2\/comments?post=5880"}],"wp:featuredmedia":[{"embeddable":true,"href":"https:\/\/bagjump.com\/pt\/wp-json\/wp\/v2\/media\/5933"}],"wp:attachment":[{"href":"https:\/\/bagjump.com\/pt\/wp-json\/wp\/v2\/media?parent=5880"}],"wp:term":[{"taxonomy":"product_brand","embeddable":true,"href":"https:\/\/bagjump.com\/pt\/wp-json\/wp\/v2\/product_brand?post=5880"},{"taxonomy":"product_cat","embeddable":true,"href":"https:\/\/bagjump.com\/pt\/wp-json\/wp\/v2\/product_cat?post=5880"},{"taxonomy":"product_tag","embeddable":true,"href":"https:\/\/bagjump.com\/pt\/wp-json\/wp\/v2\/product_tag?post=5880"}],"curies":[{"name":"wp","href":"https:\/\/api.w.org\/{rel}","templated":true}]}}