{"id":863,"date":"2023-05-30T16:46:31","date_gmt":"2023-05-30T15:46:31","guid":{"rendered":"http:\/\/s1web0044.peakserver.net\/?page_id=863"},"modified":"2023-09-20T10:32:30","modified_gmt":"2023-09-20T09:32:30","slug":"ana-katalogu-indirin","status":"publish","type":"page","link":"https:\/\/bagjump.com\/tr\/veri%cc%87-sayfasi-i%cc%87ndi%cc%87rmeleri%cc%87\/ana-katalogu-indirin\/","title":{"rendered":"Ana Katalo\u011fu \u0130ndirin"},"content":{"rendered":"","protected":false},"excerpt":{"rendered":"","protected":false},"author":1,"featured_media":0,"parent":850,"menu_order":0,"comment_status":"closed","ping_status":"closed","template":"page-templates\/main-template.php","meta":{"content-type":"","footnotes":""},"class_list":["post-863","page","type-page","status-publish","hentry"],"acf":[],"yoast_head":"<!-- This site is optimized with the Yoast SEO plugin v27.3 - https:\/\/yoast.com\/product\/yoast-seo-wordpress\/ -->\n<title>Download Main Catalogue - BAGJUMP\u00ae Airbags<\/title>\n<meta name=\"description\" content=\"Get your Bagjump main catalogue now and find out which products best suit your application. For more information contact us via our form.\" \/>\n<meta name=\"robots\" content=\"index, follow, max-snippet:-1, max-image-preview:large, max-video-preview:-1\" \/>\n<link rel=\"canonical\" href=\"https:\/\/bagjump.com\/tr\/veri\u0307-sayfasi-i\u0307ndi\u0307rmeleri\u0307\/ana-katalogu-indirin\/\" \/>\n<meta property=\"og:locale\" content=\"tr_TR\" \/>\n<meta property=\"og:type\" content=\"article\" \/>\n<meta property=\"og:title\" content=\"Download Main Catalogue - BAGJUMP\u00ae Airbags\" \/>\n<meta property=\"og:description\" content=\"Get your Bagjump main catalogue now and find out which products best suit your application. For more information contact us via our form.\" \/>\n<meta property=\"og:url\" content=\"https:\/\/bagjump.com\/tr\/veri\u0307-sayfasi-i\u0307ndi\u0307rmeleri\u0307\/ana-katalogu-indirin\/\" \/>\n<meta property=\"og:site_name\" content=\"BAGJUMP\u00ae Airbags\" \/>\n<meta property=\"article:publisher\" content=\"https:\/\/www.facebook.com\/BAGJUMP\" \/>\n<meta property=\"article:modified_time\" content=\"2023-09-20T09:32:30+00:00\" \/>\n<meta name=\"twitter:card\" content=\"summary_large_image\" \/>\n<meta name=\"twitter:site\" content=\"@BAGJUMP\" \/>\n<script type=\"application\/ld+json\" class=\"yoast-schema-graph\">{\"@context\":\"https:\\\/\\\/schema.org\",\"@graph\":[{\"@type\":\"WebPage\",\"@id\":\"https:\\\/\\\/bagjump.com\\\/data-sheet-downloads\\\/download-main-catalogue\\\/\",\"url\":\"https:\\\/\\\/bagjump.com\\\/data-sheet-downloads\\\/download-main-catalogue\\\/\",\"name\":\"Download Main Catalogue - BAGJUMP\u00ae Airbags\",\"isPartOf\":{\"@id\":\"https:\\\/\\\/bagjump.com\\\/#website\"},\"datePublished\":\"2023-05-30T15:46:31+00:00\",\"dateModified\":\"2023-09-20T09:32:30+00:00\",\"description\":\"Get your Bagjump main catalogue now and find out which products best suit your application. For more information contact us via our form.\",\"breadcrumb\":{\"@id\":\"https:\\\/\\\/bagjump.com\\\/data-sheet-downloads\\\/download-main-catalogue\\\/#breadcrumb\"},\"inLanguage\":\"tr\",\"potentialAction\":[{\"@type\":\"ReadAction\",\"target\":[\"https:\\\/\\\/bagjump.com\\\/data-sheet-downloads\\\/download-main-catalogue\\\/\"]}]},{\"@type\":\"BreadcrumbList\",\"@id\":\"https:\\\/\\\/bagjump.com\\\/data-sheet-downloads\\\/download-main-catalogue\\\/#breadcrumb\",\"itemListElement\":[{\"@type\":\"ListItem\",\"position\":1,\"name\":\"Home\",\"item\":\"https:\\\/\\\/bagjump.com\\\/\"},{\"@type\":\"ListItem\",\"position\":2,\"name\":\"Downloads\",\"item\":\"https:\\\/\\\/bagjump.com\\\/data-sheet-downloads\\\/\"},{\"@type\":\"ListItem\",\"position\":3,\"name\":\"Download Main Catalogue\"}]},{\"@type\":\"WebSite\",\"@id\":\"https:\\\/\\\/bagjump.com\\\/#website\",\"url\":\"https:\\\/\\\/bagjump.com\\\/\",\"name\":\"BAGJUMP\u00ae Airbags\",\"description\":\"\",\"publisher\":{\"@id\":\"https:\\\/\\\/bagjump.com\\\/#organization\"},\"potentialAction\":[{\"@type\":\"SearchAction\",\"target\":{\"@type\":\"EntryPoint\",\"urlTemplate\":\"https:\\\/\\\/bagjump.com\\\/?s={search_term_string}\"},\"query-input\":{\"@type\":\"PropertyValueSpecification\",\"valueRequired\":true,\"valueName\":\"search_term_string\"}}],\"inLanguage\":\"tr\"},{\"@type\":\"Organization\",\"@id\":\"https:\\\/\\\/bagjump.com\\\/#organization\",\"name\":\"BAGJUMP\u00ae Airbags\",\"url\":\"https:\\\/\\\/bagjump.com\\\/\",\"logo\":{\"@type\":\"ImageObject\",\"inLanguage\":\"tr\",\"@id\":\"https:\\\/\\\/bagjump.com\\\/#\\\/schema\\\/logo\\\/image\\\/\",\"url\":\"https:\\\/\\\/bagjump.com\\\/wp-content\\\/uploads\\\/2023\\\/09\\\/cropped-bj-favicon.png\",\"contentUrl\":\"https:\\\/\\\/bagjump.com\\\/wp-content\\\/uploads\\\/2023\\\/09\\\/cropped-bj-favicon.png\",\"width\":512,\"height\":512,\"caption\":\"BAGJUMP\u00ae Airbags\"},\"image\":{\"@id\":\"https:\\\/\\\/bagjump.com\\\/#\\\/schema\\\/logo\\\/image\\\/\"},\"sameAs\":[\"https:\\\/\\\/www.facebook.com\\\/BAGJUMP\",\"https:\\\/\\\/x.com\\\/BAGJUMP\",\"https:\\\/\\\/www.instagram.com\\\/bagjump\\\/\"]}]}<\/script>\n<!-- \/ Yoast SEO plugin. -->","yoast_head_json":{"title":"Ana Katalo\u011fu \u0130ndirin - BAGJUMP\u00ae Hava Yast\u0131klar\u0131","description":"Bagjump ana katalo\u011funuzu \u015fimdi al\u0131n ve hangi \u00fcr\u00fcnlerin uygulaman\u0131za en uygun oldu\u011funu \u00f6\u011frenin. Daha fazla bilgi i\u00e7in formumuz arac\u0131l\u0131\u011f\u0131yla bizimle ileti\u015fime ge\u00e7in.","robots":{"index":"index","follow":"follow","max-snippet":"max-snippet:-1","max-image-preview":"max-image-preview:large","max-video-preview":"max-video-preview:-1"},"canonical":"https:\/\/bagjump.com\/tr\/veri\u0307-sayfasi-i\u0307ndi\u0307rmeleri\u0307\/ana-katalogu-indirin\/","og_locale":"tr_TR","og_type":"article","og_title":"Download Main Catalogue - BAGJUMP\u00ae Airbags","og_description":"Get your Bagjump main catalogue now and find out which products best suit your application. For more information contact us via our form.","og_url":"https:\/\/bagjump.com\/tr\/veri\u0307-sayfasi-i\u0307ndi\u0307rmeleri\u0307\/ana-katalogu-indirin\/","og_site_name":"BAGJUMP\u00ae Airbags","article_publisher":"https:\/\/www.facebook.com\/BAGJUMP","article_modified_time":"2023-09-20T09:32:30+00:00","twitter_card":"summary_large_image","twitter_site":"@BAGJUMP","schema":{"@context":"https:\/\/schema.org","@graph":[{"@type":"WebPage","@id":"https:\/\/bagjump.com\/data-sheet-downloads\/download-main-catalogue\/","url":"https:\/\/bagjump.com\/data-sheet-downloads\/download-main-catalogue\/","name":"Ana Katalo\u011fu \u0130ndirin - BAGJUMP\u00ae Hava Yast\u0131klar\u0131","isPartOf":{"@id":"https:\/\/bagjump.com\/#website"},"datePublished":"2023-05-30T15:46:31+00:00","dateModified":"2023-09-20T09:32:30+00:00","description":"Bagjump ana katalo\u011funuzu \u015fimdi al\u0131n ve hangi \u00fcr\u00fcnlerin uygulaman\u0131za en uygun oldu\u011funu \u00f6\u011frenin. Daha fazla bilgi i\u00e7in formumuz arac\u0131l\u0131\u011f\u0131yla bizimle ileti\u015fime ge\u00e7in.","breadcrumb":{"@id":"https:\/\/bagjump.com\/data-sheet-downloads\/download-main-catalogue\/#breadcrumb"},"inLanguage":"tr","potentialAction":[{"@type":"ReadAction","target":["https:\/\/bagjump.com\/data-sheet-downloads\/download-main-catalogue\/"]}]},{"@type":"BreadcrumbList","@id":"https:\/\/bagjump.com\/data-sheet-downloads\/download-main-catalogue\/#breadcrumb","itemListElement":[{"@type":"ListItem","position":1,"name":"Home","item":"https:\/\/bagjump.com\/"},{"@type":"ListItem","position":2,"name":"Downloads","item":"https:\/\/bagjump.com\/data-sheet-downloads\/"},{"@type":"ListItem","position":3,"name":"Download Main Catalogue"}]},{"@type":"WebSite","@id":"https:\/\/bagjump.com\/#website","url":"https:\/\/bagjump.com\/","name":"BAGJUMP\u00ae Hava Yast\u0131klar\u0131","description":"","publisher":{"@id":"https:\/\/bagjump.com\/#organization"},"potentialAction":[{"@type":"SearchAction","target":{"@type":"EntryPoint","urlTemplate":"https:\/\/bagjump.com\/?s={search_term_string}"},"query-input":{"@type":"PropertyValueSpecification","valueRequired":true,"valueName":"search_term_string"}}],"inLanguage":"tr"},{"@type":"Organization","@id":"https:\/\/bagjump.com\/#organization","name":"BAGJUMP\u00ae Hava Yast\u0131klar\u0131","url":"https:\/\/bagjump.com\/","logo":{"@type":"ImageObject","inLanguage":"tr","@id":"https:\/\/bagjump.com\/#\/schema\/logo\/image\/","url":"https:\/\/bagjump.com\/wp-content\/uploads\/2023\/09\/cropped-bj-favicon.png","contentUrl":"https:\/\/bagjump.com\/wp-content\/uploads\/2023\/09\/cropped-bj-favicon.png","width":512,"height":512,"caption":"BAGJUMP\u00ae Airbags"},"image":{"@id":"https:\/\/bagjump.com\/#\/schema\/logo\/image\/"},"sameAs":["https:\/\/www.facebook.com\/BAGJUMP","https:\/\/x.com\/BAGJUMP","https:\/\/www.instagram.com\/bagjump\/"]}]}},"_links":{"self":[{"href":"https:\/\/bagjump.com\/tr\/wp-json\/wp\/v2\/pages\/863","targetHints":{"allow":["GET"]}}],"collection":[{"href":"https:\/\/bagjump.com\/tr\/wp-json\/wp\/v2\/pages"}],"about":[{"href":"https:\/\/bagjump.com\/tr\/wp-json\/wp\/v2\/types\/page"}],"author":[{"embeddable":true,"href":"https:\/\/bagjump.com\/tr\/wp-json\/wp\/v2\/users\/1"}],"replies":[{"embeddable":true,"href":"https:\/\/bagjump.com\/tr\/wp-json\/wp\/v2\/comments?post=863"}],"version-history":[{"count":9,"href":"https:\/\/bagjump.com\/tr\/wp-json\/wp\/v2\/pages\/863\/revisions"}],"predecessor-version":[{"id":2630,"href":"https:\/\/bagjump.com\/tr\/wp-json\/wp\/v2\/pages\/863\/revisions\/2630"}],"up":[{"embeddable":true,"href":"https:\/\/bagjump.com\/tr\/wp-json\/wp\/v2\/pages\/850"}],"wp:attachment":[{"href":"https:\/\/bagjump.com\/tr\/wp-json\/wp\/v2\/media?parent=863"}],"curies":[{"name":"wp","href":"https:\/\/api.w.org\/{rel}","templated":true}]}}